{"id":81,"date":"2019-06-10T08:36:08","date_gmt":"2019-06-10T08:36:08","guid":{"rendered":"http:\/\/mv-harthausen.de\/?page_id=81"},"modified":"2019-06-10T08:51:56","modified_gmt":"2019-06-10T08:51:56","slug":"formulare","status":"publish","type":"page","link":"https:\/\/mv-harthausen.de\/?page_id=81","title":{"rendered":"Mitgliedschaft"},"content":{"rendered":"\n<p>Falls Sie f\u00f6rderndes Mitglied des Musikvereins Harthausen werden wollen, finden Sie hier ein Formular zur Beitrittserkl\u00e4rung:<\/p>\n\n\n\n<div class=\"wp-block-file\"><a href=\"http:\/\/mv-harthausen.de\/wp-content\/uploads\/2019\/06\/mvh_beitrittserklaerung.pdf\">mvh_beitrittserklaerung<\/a><a href=\"http:\/\/mv-harthausen.de\/wp-content\/uploads\/2019\/06\/mvh_beitrittserklaerung.pdf\" class=\"wp-block-file__button\" download>Herunterladen<\/a><\/div>\n\n\n\n<p>Sie unterst\u00fctzen dadurch unsere kulturelle Arbeit sowie die Jugendausbildung.  Der Jahresbeitrag betr\u00e4gt zur Zeit 15 Euro.<\/p>\n\n\n\n<p>Falls Sie Interesse am Musizieren mit dem MV Harthausen\/Scher haben,  wenden Sie sich bitte an den <a href=\"http:\/\/mv-harthausen.de\/?page_id=38\">Vorsitzenden oder an den Dirigenten<\/a>.<\/p>\n","protected":false},"excerpt":{"rendered":"<p>Falls Sie f\u00f6rderndes Mitglied des Musikvereins Harthausen werden wollen, finden Sie hier ein Formular zur Beitrittserkl\u00e4rung: Sie unterst\u00fctzen dadurch unsere kulturelle Arbeit sowie die Jugendausbildung. Der Jahresbeitrag betr\u00e4gt zur Zeit 15 Euro. Falls Sie Interesse am Musizieren mit dem MV Harthausen\/Scher haben, wenden Sie sich bitte an den Vorsitzenden oder an den Dirigenten.<\/p>\n","protected":false},"author":1,"featured_media":0,"parent":38,"menu_order":0,"comment_status":"closed","ping_status":"closed","template":"","meta":{"footnotes":""},"class_list":["post-81","page","type-page","status-publish","hentry"],"_links":{"self":[{"href":"https:\/\/mv-harthausen.de\/index.php?rest_route=\/wp\/v2\/pages\/81","targetHints":{"allow":["GET"]}}],"collection":[{"href":"https:\/\/mv-harthausen.de\/index.php?rest_route=\/wp\/v2\/pages"}],"about":[{"href":"https:\/\/mv-harthausen.de\/index.php?rest_route=\/wp\/v2\/types\/page"}],"author":[{"embeddable":true,"href":"https:\/\/mv-harthausen.de\/index.php?rest_route=\/wp\/v2\/users\/1"}],"replies":[{"embeddable":true,"href":"https:\/\/mv-harthausen.de\/index.php?rest_route=%2Fwp%2Fv2%2Fcomments&post=81"}],"version-history":[{"count":8,"href":"https:\/\/mv-harthausen.de\/index.php?rest_route=\/wp\/v2\/pages\/81\/revisions"}],"predecessor-version":[{"id":93,"href":"https:\/\/mv-harthausen.de\/index.php?rest_route=\/wp\/v2\/pages\/81\/revisions\/93"}],"up":[{"embeddable":true,"href":"https:\/\/mv-harthausen.de\/index.php?rest_route=\/wp\/v2\/pages\/38"}],"wp:attachment":[{"href":"https:\/\/mv-harthausen.de\/index.php?rest_route=%2Fwp%2Fv2%2Fmedia&parent=81"}],"curies":[{"name":"wp","href":"https:\/\/api.w.org\/{rel}","templated":true}]}}