{"id":733,"date":"2024-02-11T15:18:27","date_gmt":"2024-02-11T15:18:27","guid":{"rendered":"https:\/\/mv-harthausen.de\/?page_id=733"},"modified":"2025-01-15T19:11:49","modified_gmt":"2025-01-15T19:11:49","slug":"konzertprogramme-2020-heute","status":"publish","type":"page","link":"https:\/\/mv-harthausen.de\/?page_id=733","title":{"rendered":"Konzertprogramme 2020 &#8211; heute"},"content":{"rendered":"\n<h3> Kirchenkonzert, Samstag 14. Dezember 2024 <\/h3>\n\n\n\n<table id=\"tablepress-60\" class=\"tablepress tablepress-id-60\">\n<tbody class=\"row-striping row-hover\">\n<tr class=\"row-1\">\n\t<td class=\"column-1\"><b>Gro\u00dfes Orchester\t<\/b><\/td><td class=\"column-2\"><b>Leitung: Walter Hauser<br \/>\n<\/b><\/td>\n<\/tr>\n<tr class=\"row-2\">\n\t<td class=\"column-1\">Queen&#8217;s Park Melody<\/td><td class=\"column-2\">Jacob de Haan<\/td>\n<\/tr>\n<tr class=\"row-3\">\n\t<td class=\"column-1\">The Rose<\/td><td class=\"column-2\">Amanda McBroom, Arr. Conny Rall<\/td>\n<\/tr>\n<tr class=\"row-4\">\n\t<td class=\"column-1\">The Second Waltz<\/td><td class=\"column-2\">Jacob de Haan<\/td>\n<\/tr>\n<tr class=\"row-5\">\n\t<td class=\"column-1\">Pachelbel&#8217;s Canon<\/td><td class=\"column-2\">Arr. Fred Mills<\/td>\n<\/tr>\n<tr class=\"row-6\">\n\t<td class=\"column-1\">Shut Up and Dance<\/td><td class=\"column-2\">Arr. Matt Conaway<\/td>\n<\/tr>\n<tr class=\"row-7\">\n\t<td class=\"column-1\">Abendmond<\/td><td class=\"column-2\">Thiemo Kraas<\/td>\n<\/tr>\n<\/tbody>\n<\/table>\n<!-- #tablepress-60 from cache -->\n\n\n<h3> Fr\u00fchjahrskonzert, Ostersonntag 31. M\u00e4rz 2024 <\/h3>\n\n\n\n<table id=\"tablepress-59\" class=\"tablepress tablepress-id-59\">\n<tbody class=\"row-striping row-hover\">\n<tr class=\"row-1\">\n\t<td class=\"column-1\"><b>Jugendkapelle<\/b><\/td><td class=\"column-2\"><b>Leitung: Mareike Kasunic<\/b><\/td>\n<\/tr>\n<tr class=\"row-2\">\n\t<td class=\"column-1\">Summer Nights\t<\/td><td class=\"column-2\">Arr. Johnnie Vinson<\/td>\n<\/tr>\n<tr class=\"row-3\">\n\t<td class=\"column-1\">Zauberland<\/td><td class=\"column-2\">Kurt G\u00e4ble<\/td>\n<\/tr>\n<tr class=\"row-4\">\n\t<td class=\"column-1\">Viva la Vida<\/td><td class=\"column-2\">Arr. Tim Waters<\/td>\n<\/tr>\n<tr class=\"row-5\">\n\t<td class=\"column-1\"><\/td><td class=\"column-2\"><\/td>\n<\/tr>\n<tr class=\"row-6\">\n\t<td class=\"column-1\"><b>Musikverein<\/b>\t<\/td><td class=\"column-2\"><b>Leitung: Walter Hauser<\/b><br \/>\n<\/td>\n<\/tr>\n<tr class=\"row-7\">\n\t<td class=\"column-1\">Let&#8217;s Celebrate<\/td><td class=\"column-2\">Gilbert Tinner<\/td>\n<\/tr>\n<tr class=\"row-8\">\n\t<td class=\"column-1\">Festival Overture<\/td><td class=\"column-2\">Hans van der Heide<\/td>\n<\/tr>\n<tr class=\"row-9\">\n\t<td class=\"column-1\">White Light<\/td><td class=\"column-2\">Philip Sparke<\/td>\n<\/tr>\n<tr class=\"row-10\">\n\t<td class=\"column-1\">Everest<\/td><td class=\"column-2\">Jacob de Haan<\/td>\n<\/tr>\n<tr class=\"row-11\">\n\t<td class=\"column-1\">I Will Follow Him<\/td><td class=\"column-2\">Arr. Goff Richards<\/td>\n<\/tr>\n<tr class=\"row-12\">\n\t<td class=\"column-1\">Hard Beat<\/td><td class=\"column-2\">Tom Raes<\/td>\n<\/tr>\n<tr class=\"row-13\">\n\t<td class=\"column-1\">Sax Bomb<\/td><td class=\"column-2\">Marcel Saurer<\/td>\n<\/tr>\n<tr class=\"row-14\">\n\t<td class=\"column-1\">Mein gro\u00dfer Traum<\/td><td class=\"column-2\">Kurt G\u00e4ble<\/td>\n<\/tr>\n<tr class=\"row-15\">\n\t<td class=\"column-1\">Gru\u00df an B\u00f6hmen<\/td><td class=\"column-2\">Arr. Franz Bummerl<\/td>\n<\/tr>\n<\/tbody>\n<\/table>\n<!-- #tablepress-59 from cache -->\n\n\n<h3> Fr\u00fchjahrskonzert, Ostersonntag 09. April 2023 <\/h3>\n\n\n\n<table id=\"tablepress-57\" class=\"tablepress tablepress-id-57\">\n<tbody class=\"row-striping row-hover\">\n<tr class=\"row-1\">\n\t<td class=\"column-1\"><b>Jugendkapelle<\/b><\/td><td class=\"column-2\"><b>Leitung: Mareike Kasunic<\/b><\/td>\n<\/tr>\n<tr class=\"row-2\">\n\t<td class=\"column-1\">Popcorn Prelude\t<\/td><td class=\"column-2\">Mike Hannick<\/td>\n<\/tr>\n<tr class=\"row-3\">\n\t<td class=\"column-1\">Land of Hope and Glory<\/td><td class=\"column-2\">Arr. Alfred B\u00f6sendorfer<\/td>\n<\/tr>\n<tr class=\"row-4\">\n\t<td class=\"column-1\">Eurock<\/td><td class=\"column-2\">David Well<\/td>\n<\/tr>\n<tr class=\"row-5\">\n\t<td class=\"column-1\"><\/td><td class=\"column-2\"><\/td>\n<\/tr>\n<tr class=\"row-6\">\n\t<td class=\"column-1\"><b>Musikverein<\/b>\t<\/td><td class=\"column-2\"><b>Leitung: Walter Hauser<\/b><br \/>\n<\/td>\n<\/tr>\n<tr class=\"row-7\">\n\t<td class=\"column-1\">Esprit<\/td><td class=\"column-2\">Mario B\u00fcrki<\/td>\n<\/tr>\n<tr class=\"row-8\">\n\t<td class=\"column-1\">A Festival Prelude<\/td><td class=\"column-2\">Fritz Neub\u00f6ck<\/td>\n<\/tr>\n<tr class=\"row-9\">\n\t<td class=\"column-1\">Aladdin<\/td><td class=\"column-2\">Arr. Paul Jennings<\/td>\n<\/tr>\n<tr class=\"row-10\">\n\t<td class=\"column-1\">Kaiserin Sissi<\/td><td class=\"column-2\">Timo Dellweg<\/td>\n<\/tr>\n<tr class=\"row-11\">\n\t<td class=\"column-1\">Viva la Vida<\/td><td class=\"column-2\">Arr. Frank Bernaerts<\/td>\n<\/tr>\n<tr class=\"row-12\">\n\t<td class=\"column-1\">Rock it!<\/td><td class=\"column-2\">Arr. Kurt G\u00e4ble<\/td>\n<\/tr>\n<tr class=\"row-13\">\n\t<td class=\"column-1\">Ehrenwert<\/td><td class=\"column-2\">Martin Scharnagl<\/td>\n<\/tr>\n<tr class=\"row-14\">\n\t<td class=\"column-1\">Ein Leben lang<\/td><td class=\"column-2\">Arr. F\u00e4aschtb\u00e4nkler<\/td>\n<\/tr>\n<\/tbody>\n<\/table>\n<!-- #tablepress-57 from cache -->\n\n\n<h3> Kirchenkonzert, Samstag 17. Dezember 2022 <\/h3>\n\n\n\n<table id=\"tablepress-58\" class=\"tablepress tablepress-id-58\">\n<tbody class=\"row-striping row-hover\">\n<tr class=\"row-1\">\n\t<td class=\"column-1\"><b>Chor Cum Deo Harthausen\/Scher<\/b><\/td><td class=\"column-2\"><b>Leitung: Martina Abt<\/b><\/td>\n<\/tr>\n<tr class=\"row-2\">\n\t<td class=\"column-1\">Wir warten auf dich<\/td><td class=\"column-2\">Text: E. Eckert<br \/>\nMusik: T. Hampel<\/td>\n<\/tr>\n<tr class=\"row-3\">\n\t<td class=\"column-1\">Happy Christmas<\/td><td class=\"column-2\">J. Lennon und Y. Ono<\/td>\n<\/tr>\n<tr class=\"row-4\">\n\t<td class=\"column-1\">Komm wir zieh&#8217;n in den Frieden<\/td><td class=\"column-2\">U. Lindenberg und A. Zuckowski, u.a.<\/td>\n<\/tr>\n<tr class=\"row-5\">\n\t<td class=\"column-1\"><\/td><td class=\"column-2\"><\/td>\n<\/tr>\n<tr class=\"row-6\">\n\t<td class=\"column-1\"><b> M\u00e4nnergesangverein Harthausen\/Scher<\/b><\/td><td class=\"column-2\"><b>Leitung: Hermann Koch <\/b><\/td>\n<\/tr>\n<tr class=\"row-7\">\n\t<td class=\"column-1\">Christrose<\/td><td class=\"column-2\">Klaus-Dietmar Eisert<\/td>\n<\/tr>\n<tr class=\"row-8\">\n\t<td class=\"column-1\">Hymne an die Nacht<\/td><td class=\"column-2\">Ludwig van Beethoven<\/td>\n<\/tr>\n<tr class=\"row-9\">\n\t<td class=\"column-1\">Weihnachtsglocken<\/td><td class=\"column-2\">Hermann Sonnet<\/td>\n<\/tr>\n<tr class=\"row-10\">\n\t<td class=\"column-1\"><\/td><td class=\"column-2\"><\/td>\n<\/tr>\n<tr class=\"row-11\">\n\t<td class=\"column-1\"><b>Gro\u00dfes Orchester\t<\/b><\/td><td class=\"column-2\"><b>Leitung: Walter Hauser<br \/>\n<\/b><\/td>\n<\/tr>\n<tr class=\"row-12\">\n\t<td class=\"column-1\">Zauberland<\/td><td class=\"column-2\">Kurt G\u00e4ble<\/td>\n<\/tr>\n<tr class=\"row-13\">\n\t<td class=\"column-1\">Esprit<\/td><td class=\"column-2\">Mario B\u00fcrki<\/td>\n<\/tr>\n<tr class=\"row-14\">\n\t<td class=\"column-1\">Ich bin ich (Wir sind wir)<\/td><td class=\"column-2\">Peter Plate, Ulf Leo Sommer, Arr. Heinz Briegel<\/td>\n<\/tr>\n<tr class=\"row-15\">\n\t<td class=\"column-1\"><\/td><td class=\"column-2\"><\/td>\n<\/tr>\n<tr class=\"row-16\">\n\t<td class=\"column-1\"><b> Gemeinsames Musizieren <\/b><\/td><td class=\"column-2\"><\/td>\n<\/tr>\n<tr class=\"row-17\">\n\t<td class=\"column-1\">Jesus Christ, you are my life (Gotteslob Nr: 362)<\/td><td class=\"column-2\">Marco Frisina, Arr. Thomas Gabriel<\/td>\n<\/tr>\n<tr class=\"row-18\">\n\t<td class=\"column-1\">Macht hoch die T\u00fcr<\/td><td class=\"column-2\">Georg Weissel, Johann Anastasius Freylinghausen<\/td>\n<\/tr>\n<\/tbody>\n<\/table>\n<!-- #tablepress-58 from cache -->","protected":false},"excerpt":{"rendered":"<p>Kirchenkonzert, Samstag 14. Dezember 2024 Fr\u00fchjahrskonzert, Ostersonntag 31. M\u00e4rz 2024 Fr\u00fchjahrskonzert, Ostersonntag 09. April 2023 Kirchenkonzert, Samstag 17. Dezember 2022<\/p>\n","protected":false},"author":1,"featured_media":0,"parent":112,"menu_order":0,"comment_status":"closed","ping_status":"closed","template":"","meta":{"footnotes":""},"class_list":["post-733","page","type-page","status-publish","hentry"],"_links":{"self":[{"href":"https:\/\/mv-harthausen.de\/index.php?rest_route=\/wp\/v2\/pages\/733","targetHints":{"allow":["GET"]}}],"collection":[{"href":"https:\/\/mv-harthausen.de\/index.php?rest_route=\/wp\/v2\/pages"}],"about":[{"href":"https:\/\/mv-harthausen.de\/index.php?rest_route=\/wp\/v2\/types\/page"}],"author":[{"embeddable":true,"href":"https:\/\/mv-harthausen.de\/index.php?rest_route=\/wp\/v2\/users\/1"}],"replies":[{"embeddable":true,"href":"https:\/\/mv-harthausen.de\/index.php?rest_route=%2Fwp%2Fv2%2Fcomments&post=733"}],"version-history":[{"count":10,"href":"https:\/\/mv-harthausen.de\/index.php?rest_route=\/wp\/v2\/pages\/733\/revisions"}],"predecessor-version":[{"id":773,"href":"https:\/\/mv-harthausen.de\/index.php?rest_route=\/wp\/v2\/pages\/733\/revisions\/773"}],"up":[{"embeddable":true,"href":"https:\/\/mv-harthausen.de\/index.php?rest_route=\/wp\/v2\/pages\/112"}],"wp:attachment":[{"href":"https:\/\/mv-harthausen.de\/index.php?rest_route=%2Fwp%2Fv2%2Fmedia&parent=733"}],"curies":[{"name":"wp","href":"https:\/\/api.w.org\/{rel}","templated":true}]}}