{"id":708,"date":"2023-12-01T14:53:17","date_gmt":"2023-12-01T14:53:17","guid":{"rendered":"https:\/\/mv-harthausen.de\/?page_id=708"},"modified":"2023-12-01T14:53:17","modified_gmt":"2023-12-01T14:53:17","slug":"schuelervorspiel-am-26-11-2023","status":"publish","type":"page","link":"https:\/\/mv-harthausen.de\/?page_id=708","title":{"rendered":"Sch\u00fclervorspiel am 26.11.2023"},"content":{"rendered":"\n<p><strong>Der Nachwuchs zeigt sein K\u00f6nnen<\/strong><\/p>\n\n\n\n<p>Am vergangenen Sonntag lud der Musikverein Harthausen zum j\u00e4hrlichen Sch\u00fclervorspiel ein. Bereits vor dem offiziellen Beginn bewirteten die Mitglieder des Musikvereins die Zuh\u00f6rer mir Kaffee, Kuchen und frischgebackenen Waffeln.<\/p>\n\n\n\n<p>Die Kinder der 2. Klasse der Grundschule Harthausen er\u00f6ffneten den Nachmittag mit den St\u00fccken \u201eAu claire de la lune\u201c und \u201eMerrily we roll along\u201c. Es war der erste Auftritt f\u00fcr die Kinder, die seit September im Rahmen der Kooperation \u201eGrundschule- Verein\u201c das Spielen der Blockfl\u00f6te lernen. Der Unterricht findet im Rahmen des Musikunterrichtes unter der Leitung von Kathrin Metzger und Sonja Lorrain statt.<\/p>\n\n\n\n<p>Die Kinder der 3. Klasse starteten mit der Europahymne. Beim daran anschlie\u00dfenden \u201eAuf der Schw\u00e4bschen Eisabahna\u201c sangen viele Zuh\u00f6rer begeistert mit. Es zeigte sich, wie sehr Musik \u00fcber Generationen hinweg begeistern kann.<\/p>\n\n\n\n<figure class=\"wp-block-image size-full\"><img loading=\"lazy\" decoding=\"async\" width=\"1024\" height=\"768\" src=\"https:\/\/mv-harthausen.de\/wp-content\/uploads\/2023\/12\/Schuelervorspiel-2.jpeg\" alt=\"\" class=\"wp-image-710\" srcset=\"https:\/\/mv-harthausen.de\/wp-content\/uploads\/2023\/12\/Schuelervorspiel-2.jpeg 1024w, https:\/\/mv-harthausen.de\/wp-content\/uploads\/2023\/12\/Schuelervorspiel-2-300x225.jpeg 300w, https:\/\/mv-harthausen.de\/wp-content\/uploads\/2023\/12\/Schuelervorspiel-2-768x576.jpeg 768w\" sizes=\"auto, (max-width: 767px) 89vw, (max-width: 1000px) 54vw, (max-width: 1071px) 543px, 580px\" \/><\/figure>\n\n\n\n<p>Bei den darauffolgenden Einzelvortr\u00e4gen zeigten die Kinder in Ausbildung voller Stolz, wie gut sie bereits ihre Instrumente spielen k\u00f6nnen. Es geh\u00f6rte eine gro\u00dfe Portion Mut zu jedem Auftritt, sich alleine vor dem gro\u00dfen Publikum in der Festhalle zu pr\u00e4sentieren. Alle haben ihre Auftritte mit Bravour gemeistert und schafften es, das Publikum in Ihren Bann zu ziehen.<\/p>\n\n\n\n<p>Es wurde ein bunter Strau\u00df an unterschiedlichsten St\u00fccken pr\u00e4sentiert. Von der vertr\u00e4umten Musical Melodie \u201eDie Sch\u00f6ne und das Biest\u201c \u00fcber den Shanty \u201eWellerman\u201c bis zum Popsong \u201ePerfect\u201c und vielen mehr. Auch die \u201ePirates of the Carribbean\u201c und der \u201ePink Panther\u201c statteten einen musikalischen Besuch ab. Gekonnt f\u00fchrte Jugendleiterin Hanna Pfaff durch das kurzweilige Programm und konnte dabei auch stolz \u00fcber die vielen Aktivit\u00e4ten des Vereins in der Jugendarbeit berichten.<\/p>\n\n\n\n<p>Zum Abschluss nahm die im vergangenen Jahr gegr\u00fcndete Bl\u00e4serklasse unter der Leitung von Anna Maria Mauz auf der B\u00fchne Platz. Mit \u201eUp on the Housetop\u201c, dem Kanon \u201eWas m\u00fcssen das f\u00fcr B\u00e4ume sein\u201c und \u201eO come All Faithful\u201c zeigten sie wie gut sie bereits miteinander harmonieren. Der Forderung des Publikums nach einer Zugabe kamen sie nach und rockten zum Abschluss mit \u201eWe will rock you\u201c die Halle.<\/p>\n\n\n\n<p>Es war ein gelungener Nachmittag, der sowohl die Erwachsenen als auch die J\u00fcngsten, die direkt vor der B\u00fchne Platz genommen hatten, begeisterte. Alle Teilnehmer wurden f\u00fcr Ihren Mut und Ihre Probenarbeit mit kr\u00e4ftigem Applaus und viel Lob belohnt.<\/p>\n\n\n\n<figure class=\"wp-block-image size-full\"><img loading=\"lazy\" decoding=\"async\" width=\"1024\" height=\"768\" src=\"https:\/\/mv-harthausen.de\/wp-content\/uploads\/2023\/12\/Schuelervorspiel-1.jpeg\" alt=\"\" class=\"wp-image-709\" srcset=\"https:\/\/mv-harthausen.de\/wp-content\/uploads\/2023\/12\/Schuelervorspiel-1.jpeg 1024w, https:\/\/mv-harthausen.de\/wp-content\/uploads\/2023\/12\/Schuelervorspiel-1-300x225.jpeg 300w, https:\/\/mv-harthausen.de\/wp-content\/uploads\/2023\/12\/Schuelervorspiel-1-768x576.jpeg 768w\" sizes=\"auto, (max-width: 767px) 89vw, (max-width: 1000px) 54vw, (max-width: 1071px) 543px, 580px\" \/><\/figure>\n","protected":false},"excerpt":{"rendered":"<p>Der Nachwuchs zeigt sein K\u00f6nnen Am vergangenen Sonntag lud der Musikverein Harthausen zum j\u00e4hrlichen Sch\u00fclervorspiel ein. Bereits vor dem offiziellen Beginn bewirteten die Mitglieder des Musikvereins die Zuh\u00f6rer mir Kaffee, Kuchen und frischgebackenen Waffeln. Die Kinder der 2. Klasse der Grundschule Harthausen er\u00f6ffneten den Nachmittag mit den St\u00fccken \u201eAu claire de la lune\u201c und \u201eMerrily &hellip; <\/p>\n<p class=\"link-more\"><a href=\"https:\/\/mv-harthausen.de\/?page_id=708\" class=\"more-link\"><span class=\"screen-reader-text\">\u201eSch\u00fclervorspiel am 26.11.2023\u201c<\/span> weiterlesen<\/a><\/p>\n","protected":false},"author":1,"featured_media":0,"parent":32,"menu_order":0,"comment_status":"closed","ping_status":"closed","template":"","meta":{"footnotes":""},"class_list":["post-708","page","type-page","status-publish","hentry"],"_links":{"self":[{"href":"https:\/\/mv-harthausen.de\/index.php?rest_route=\/wp\/v2\/pages\/708","targetHints":{"allow":["GET"]}}],"collection":[{"href":"https:\/\/mv-harthausen.de\/index.php?rest_route=\/wp\/v2\/pages"}],"about":[{"href":"https:\/\/mv-harthausen.de\/index.php?rest_route=\/wp\/v2\/types\/page"}],"author":[{"embeddable":true,"href":"https:\/\/mv-harthausen.de\/index.php?rest_route=\/wp\/v2\/users\/1"}],"replies":[{"embeddable":true,"href":"https:\/\/mv-harthausen.de\/index.php?rest_route=%2Fwp%2Fv2%2Fcomments&post=708"}],"version-history":[{"count":2,"href":"https:\/\/mv-harthausen.de\/index.php?rest_route=\/wp\/v2\/pages\/708\/revisions"}],"predecessor-version":[{"id":755,"href":"https:\/\/mv-harthausen.de\/index.php?rest_route=\/wp\/v2\/pages\/708\/revisions\/755"}],"up":[{"embeddable":true,"href":"https:\/\/mv-harthausen.de\/index.php?rest_route=\/wp\/v2\/pages\/32"}],"wp:attachment":[{"href":"https:\/\/mv-harthausen.de\/index.php?rest_route=%2Fwp%2Fv2%2Fmedia&parent=708"}],"curies":[{"name":"wp","href":"https:\/\/api.w.org\/{rel}","templated":true}]}}