{"id":648,"date":"2019-09-18T15:48:15","date_gmt":"2019-09-18T15:48:15","guid":{"rendered":"http:\/\/mv-harthausen.de\/?page_id=648"},"modified":"2024-01-07T18:21:53","modified_gmt":"2024-01-07T18:21:53","slug":"links","status":"publish","type":"page","link":"https:\/\/mv-harthausen.de\/?page_id=648","title":{"rendered":"Links"},"content":{"rendered":"\n<figure class=\"wp-block-table\"><table><tbody><tr><td> <a href=\"http:\/\/www.bkvz.de\/\">Blasmusik-Kreisverband Zollernalb<\/a> <br> <a href=\"http:\/\/www.bvbw-online.de\/\">Blasmusik-Verband Baden-W\u00fcrttemberg<\/a> <br> <a href=\"http:\/\/www.bjbw.de\/\">Bl\u00e4serjugend Baden-W\u00fcrttemberg<\/a> <br> <a href=\"http:\/\/www.bdmv-online.de\/\">Bundesvereinigung Deutscher Musikverb\u00e4nde<\/a> <\/td><\/tr><tr><td><a href=\"http:\/\/www.mv-winterlingen.de\/\">Musikverein Winterlingen<\/a><br><a href=\"http:\/\/www.musikkapelle-benzingen.de\/\">Musikkapelle Benzingen<\/a><br><a href=\"http:\/\/www.musikverein-hettingen.de\/\">Musikverein Hettingen<\/a><br><a href=\"http:\/\/www.stadtkapelle-gammertingen.de\/\">Stadtkapelle Gammertingen<\/a><br><a href=\"http:\/\/www.musikkapelle-bitz.de\/\">Musikkapelle Bitz<\/a><br><a href=\"http:\/\/mgv.glecklesbender.de\/\">Musikgesellschaft Veringendorf<\/a><br><a href=\"http:\/\/www.stadtkapelle-veringenstadt.de\/\">Stadtkapelle Veringenstadt<\/a><br><a href=\"http:\/\/www.stadtkapelle-binsdorf.de\/\">Stadtkapelle Binsdorf<\/a><br><a href=\"http:\/\/www.harthaeusermusikanten.de\/\">Musikkapelle Harthausen<\/a><br><a href=\"http:\/\/www.mv-blochingen.de\/\">Musikverein Blochingen<\/a><br><a href=\"http:\/\/www.musikverein-immenstaad.de\/\">Musikverein Immenstaad<\/a><\/td><\/tr><tr><td><a href=\"http:\/\/www.vetterzunft.de\/\">Vetterzunft Harthausen<\/a><br><a href=\"http:\/\/www.tsv-harthausen-scher.de\/\">TSV Harthausen\/Scher<\/a><\/td><\/tr><tr><td><a href=\"http:\/\/www.winterlingen.de\/\">Gemeinde Winterlingen<\/a><br><a href=\"https:\/\/www.vrbank-hw.de\/startseite.html\">VR Bank eG Heuberg-Winterlingen<\/a><br><a href=\"https:\/\/www.blasmusik.de\/\">Blasmusik.de<\/a><br><a href=\"https:\/\/www.musiktreff.info\/\">Musiktreff.Info<\/a><\/td><\/tr><\/tbody><\/table><\/figure>\n","protected":false},"excerpt":{"rendered":"<p>Blasmusik-Kreisverband Zollernalb Blasmusik-Verband Baden-W\u00fcrttemberg Bl\u00e4serjugend Baden-W\u00fcrttemberg Bundesvereinigung Deutscher Musikverb\u00e4nde Musikverein WinterlingenMusikkapelle BenzingenMusikverein HettingenStadtkapelle GammertingenMusikkapelle BitzMusikgesellschaft VeringendorfStadtkapelle VeringenstadtStadtkapelle BinsdorfMusikkapelle HarthausenMusikverein BlochingenMusikverein Immenstaad Vetterzunft HarthausenTSV Harthausen\/Scher Gemeinde WinterlingenVR Bank eG Heuberg-WinterlingenBlasmusik.deMusiktreff.Info<\/p>\n","protected":false},"author":1,"featured_media":0,"parent":38,"menu_order":0,"comment_status":"closed","ping_status":"closed","template":"","meta":{"footnotes":""},"class_list":["post-648","page","type-page","status-publish","hentry"],"_links":{"self":[{"href":"https:\/\/mv-harthausen.de\/index.php?rest_route=\/wp\/v2\/pages\/648","targetHints":{"allow":["GET"]}}],"collection":[{"href":"https:\/\/mv-harthausen.de\/index.php?rest_route=\/wp\/v2\/pages"}],"about":[{"href":"https:\/\/mv-harthausen.de\/index.php?rest_route=\/wp\/v2\/types\/page"}],"author":[{"embeddable":true,"href":"https:\/\/mv-harthausen.de\/index.php?rest_route=\/wp\/v2\/users\/1"}],"replies":[{"embeddable":true,"href":"https:\/\/mv-harthausen.de\/index.php?rest_route=%2Fwp%2Fv2%2Fcomments&post=648"}],"version-history":[{"count":8,"href":"https:\/\/mv-harthausen.de\/index.php?rest_route=\/wp\/v2\/pages\/648\/revisions"}],"predecessor-version":[{"id":723,"href":"https:\/\/mv-harthausen.de\/index.php?rest_route=\/wp\/v2\/pages\/648\/revisions\/723"}],"up":[{"embeddable":true,"href":"https:\/\/mv-harthausen.de\/index.php?rest_route=\/wp\/v2\/pages\/38"}],"wp:attachment":[{"href":"https:\/\/mv-harthausen.de\/index.php?rest_route=%2Fwp%2Fv2%2Fmedia&parent=648"}],"curies":[{"name":"wp","href":"https:\/\/api.w.org\/{rel}","templated":true}]}}