{"id":34,"date":"2019-06-08T14:41:12","date_gmt":"2019-06-08T14:41:12","guid":{"rendered":"http:\/\/mv-harthausen.de\/?page_id=34"},"modified":"2024-06-23T18:57:55","modified_gmt":"2024-06-23T18:57:55","slug":"jugendkapelle","status":"publish","type":"page","link":"https:\/\/mv-harthausen.de\/?page_id=34","title":{"rendered":"Jugendkapelle"},"content":{"rendered":"\n<p>Wir, der Musikverein Harthausen, sind ein dynamischer Verein und suchen laufend Anf\u00e4nger und Wiedereinsteiger zur Verst\u00e4rkung unserer Orchester. Deshalb organisieren wir die Aus- und Weiterbildung an einem Blas- oder Schlaginstrument. Wichtig ist es f\u00fcr uns, dass die Musikerinnen und Musiker eine qualitativ hochwertige Ausbildung erhalten, und dabei viel Freude, Spa\u00df und Kameradschaft erfahren.<\/p>\n\n\n\n<p>Die musikalische Jugendausbildung im Musikverein Harthausen\/Scher wird in mehreren Stufen angeboten:<\/p>\n\n\n\n<h3 class=\"wp-block-heading\">Die Fl\u00f6tengruppe<\/h3>\n\n\n\n<p>Viele Jahre lang brachte Sabine Endri\u00df unseren j\u00fcngsten das Notenlesen und das Spielen der Blockfl\u00f6te bei. Durch ihr Bestreben wurde der Blockfl\u00f6tenunterricht erstmals zum Schuljahr 2019\/2020 in den Musikunterricht im Rahmen der Kooperation Schule\/ Verein in der Grundschule verlegt.<br>Seither erhalten alle Kinder der zweiten Klasse kostenlosen Blockfl\u00f6tenunterricht im Rahmen des Musikunterrichts durch den Musikverein.<br>Dabei lernen sie die Grundlagen der Musik wie Noten, Rhythmus und Lautst\u00e4rke. Zwischenzeitlich teilen sich Sonja Lorrain und Kathrin Metzger diese Aufgabe. Der Musikverein wurde 2007 zusammen mit der Grundschule Harthausen\/Scher mit einem F\u00f6rderpreis f\u00fcr die hervorragende Kooperation ausgezeichnet.<\/p>\n\n\n\n<h3 class=\"wp-block-heading\">Der Instrumentalunterricht<\/h3>\n\n\n\n<p>Absolventen des Fl\u00f6tenkurses und auch Neueinsteiger k\u00f6nnen beim Musikverein Harthausen\/Scher eine Einzel- oder Kleingruppenausbildung auf einem Instrument    durchlaufen. Eine Ausildung auf den Instrumenten Fl\u00f6te, Oboe, Klarinette, Saxophon, Fl\u00fcgelhorn, Trompete, Horn, Tenorhorn, Posaune, Bass oder Schlagzeug ist je nach Bedarf m\u00f6glich und dauert normalerweise mehrere Jahre. Der Unterricht wird von erfahrenen und qualifizierten Musikerinnen und Musikern des Musikverein Harthausen\/Scher, sowie von Musiklehrern angeboten. Einmal im Jahr beim Sch\u00fclervorspiel zeigt unser Musiknachwuchs sein K\u00f6nnen.<\/p>\n\n\n\n<h3 class=\"wp-block-heading\">Bl\u00e4serklasse<\/h3>\n\n\n\n<p>Nachdem die Kinder und Jugendlichen im Instrumentalunterricht erste Spielerfahrungen auf ihrem Instrument gesammelt haben und einfache St\u00fccke spielen k\u00f6nnen, werden sie in der Bl\u00e4serklasse auf das Musizieren in einer gr\u00f6\u00dferen Gruppe vorbereitet. Das Wichtigste ist dabei, den Spa\u00df am gemeinsamen Musikmachen zu entdecken. Die Bl\u00e4serklasse leitet derzeit Anna Maria Mauz.<br>Ein Highlight f\u00fcr die Kinder der Bl\u00e4serklasse ist das j\u00e4hrlich stattfindende Probenwochenende mit \u00dcbernachtung. Auf die Kinder wartet hier j\u00e4hrlich ein buntes Programm aus Musiktheorie, Geh\u00f6rbildung, Instrumentalunterricht und nat\u00fcrlich jede Menge Spa\u00df in der Gruppe.<\/p>\n\n\n\n<h3 class=\"wp-block-heading\">Die Jugendkapelle &#8211; HaWiStra<\/h3>\n\n\n\n<p>Die Jugendkapelle bietet den jungen Musikerinnen und Musikern die Gelegenheit, leichte bis mittelschwere Werke zusammen einzustudieren. Unsere Jugendkapelle bestreitet regelm\u00e4\u00dfig Konzerte und Unterhaltungsauftritte in Harthausen und Umgebung. Nat\u00fcrlich kommen dabei auch gemeinsame vielf\u00e4ltige Unternehmungen zur St\u00e4rkung des Teamgeistes nicht zu kurz.<br>Im Herbst 2013 wurde eine Kooperation zwischen den Jugendkapellen des MV Winterlingen    und des MV Harthausen\/Scher vereinbart.  <\/p>\n\n\n\n<p>Zu Beginn des Jahres 2016 beschloss der Musikverein Harthausen\/Scher gemeinsam mit dem Musikverein Winterlingen und dem Musikverein Stra\u00dfberg neue Wege zu gehen, und somit wurden die drei Jugendkapellen der Vereine zusammengeschlossen. Seit April 2016 gibt es nun die neu gegr\u00fcndete Jugendkapelle &#8222;HaWiStra&#8220; unter der Leitung von Mareike Kasunic. Das Orchester besteht aus circa 30 Kindern und Jugendlichen im Alter von 11 &#8211; 19 Jahre. Die gemeinsame Musikprobe findet immer donnerstags, um 18.40 Uhr, im Probelokal in Winterlingen statt.<br>Grund f\u00fcr die Kooperation war es ein spielf\u00e4higes Orchester zu erlangen, ohne dass man bei Auftritten auf Aushilfen der Aktiven Kapellen angewiesen ist, und dadurch auch den Jugendlichen mehr Freude an der Blasmusik zu bereiten. Au\u00dferdem hat sich die Besetzung der drei Kapellen optimal erg\u00e4nzt. Der Zusammenschluss war daher naheliegend und hat die Jugendarbeit aller Vereine bereichert. Durch eine ausgewogene Besetzung kann die Dirigentin auch f\u00fcr die Jugendlichen ansprechende Musik machen. Dies, sowie die erh\u00f6hte Anzahl an Auftritten f\u00f6rdert zudem die musikalische Entwicklung der Jugendlichen und tr\u00e4gt zu mehr Ehrgeiz und Spa\u00df bei. Nebenbei organisieren die Jugendleiter der drei Vereine gemeinsame Aktivit\u00e4ten, was die Gemeinschaft der Jugendlichen st\u00e4rkt.<br>Das Repertoire des neuen Orchesters umfasst neben unterhaltsamer Blasmusik auch moderne St\u00fccke. Das Unterhaltungsprogramm hat die Jugendkapelle HaWiStra zum ersten Mal am Sonntag, den 16.07.2016 auf dem Sommerfest des Musikvereins    Harthausen\/Scher pr\u00e4sentiert. Die Jugendlichen freuen sich nat\u00fcrlich immer besonders \u00fcber viele Zuh\u00f6rer bei ihren Auftritten. Dazu geh\u00f6ren die allj\u00e4hrlichen Konzerte der drei Vereine an Ostern in Harthausen, im November in Winterlingen und im Dezember beim Musikverein Stra\u00dfberg.<\/p>\n","protected":false},"excerpt":{"rendered":"<p>Wir, der Musikverein Harthausen, sind ein dynamischer Verein und suchen laufend Anf\u00e4nger und Wiedereinsteiger zur Verst\u00e4rkung unserer Orchester. Deshalb organisieren wir die Aus- und Weiterbildung an einem Blas- oder Schlaginstrument. Wichtig ist es f\u00fcr uns, dass die Musikerinnen und Musiker eine qualitativ hochwertige Ausbildung erhalten, und dabei viel Freude, Spa\u00df und Kameradschaft erfahren. Die musikalische &hellip; <\/p>\n<p class=\"link-more\"><a href=\"https:\/\/mv-harthausen.de\/?page_id=34\" class=\"more-link\"><span class=\"screen-reader-text\">\u201eJugendkapelle\u201c<\/span> weiterlesen<\/a><\/p>\n","protected":false},"author":1,"featured_media":0,"parent":0,"menu_order":0,"comment_status":"closed","ping_status":"closed","template":"","meta":{"footnotes":""},"class_list":["post-34","page","type-page","status-publish","hentry"],"_links":{"self":[{"href":"https:\/\/mv-harthausen.de\/index.php?rest_route=\/wp\/v2\/pages\/34","targetHints":{"allow":["GET"]}}],"collection":[{"href":"https:\/\/mv-harthausen.de\/index.php?rest_route=\/wp\/v2\/pages"}],"about":[{"href":"https:\/\/mv-harthausen.de\/index.php?rest_route=\/wp\/v2\/types\/page"}],"author":[{"embeddable":true,"href":"https:\/\/mv-harthausen.de\/index.php?rest_route=\/wp\/v2\/users\/1"}],"replies":[{"embeddable":true,"href":"https:\/\/mv-harthausen.de\/index.php?rest_route=%2Fwp%2Fv2%2Fcomments&post=34"}],"version-history":[{"count":7,"href":"https:\/\/mv-harthausen.de\/index.php?rest_route=\/wp\/v2\/pages\/34\/revisions"}],"predecessor-version":[{"id":749,"href":"https:\/\/mv-harthausen.de\/index.php?rest_route=\/wp\/v2\/pages\/34\/revisions\/749"}],"wp:attachment":[{"href":"https:\/\/mv-harthausen.de\/index.php?rest_route=%2Fwp%2Fv2%2Fmedia&parent=34"}],"curies":[{"name":"wp","href":"https:\/\/api.w.org\/{rel}","templated":true}]}}