{"id":32,"date":"2019-06-08T14:41:11","date_gmt":"2019-06-08T14:41:11","guid":{"rendered":"http:\/\/mv-harthausen.de\/?page_id=32"},"modified":"2024-12-15T15:35:38","modified_gmt":"2024-12-15T15:35:38","slug":"neuigkeiten","status":"publish","type":"page","link":"http:\/\/mv-harthausen.de\/?page_id=32","title":{"rendered":"News"},"content":{"rendered":"\n<h3 class=\"wp-block-heading\">2024<\/h3>\n\n\n\n<p><strong>Sch\u00fclervorspiel am 24.11.2024<\/strong>: <a href=\"https:\/\/www.schwaebische.de\/regional\/zollernalb\/winterlingen\/nachwuchstalente-begeistern-beim-schuelervorspiel-in-harthausen-3108779\" data-type=\"link\" data-id=\"https:\/\/www.schwaebische.de\/regional\/zollernalb\/winterlingen\/nachwuchstalente-begeistern-beim-schuelervorspiel-in-harthausen-3108779\">Nachwuchstalente begeistern beim Sch\u00fclervorspiel in Harthausen<\/a><\/p>\n\n\n\n<p><strong>Sommerfest am 20.07.2024 und 21.07.2024<\/strong>: <a href=\"https:\/\/www.schwaebische.de\/regional\/zollernalb\/winterlingen\/bollenhut-sorgt-fuer-jubel-beim-sommerfest-des-musikvereins-harthausen-2723503\" data-type=\"link\" data-id=\"https:\/\/www.schwaebische.de\/regional\/zollernalb\/winterlingen\/bollenhut-sorgt-fuer-jubel-beim-sommerfest-des-musikvereins-harthausen-2723503\">Bollenhut sorgt f\u00fcr Jubel beim Sommerfest des Musikvereins Harthausen<\/a><\/p>\n\n\n\n<p><strong>Fr\u00fchjahrskonzert 2024<\/strong>: <a href=\"https:\/\/www.nussbaum.de\/entdecken\/news\/rueckblick-fruehjahrskonzert-1828681\" data-type=\"link\" data-id=\"https:\/\/www.nussbaum.de\/entdecken\/news\/rueckblick-fruehjahrskonzert-1828681\">R\u00fcckblick Fr\u00fchjahrskonzert<\/a> &amp; <a href=\"https:\/\/www.schwarzwaelder-bote.de\/inhalt.musikverein-harthausen-der-beat-begeistert-und-nicht-nur-er.76eee176-f370-4b26-9b5e-e0a6dc4ef949.html\" data-type=\"link\" data-id=\"https:\/\/www.schwarzwaelder-bote.de\/inhalt.musikverein-harthausen-der-beat-begeistert-und-nicht-nur-er.76eee176-f370-4b26-9b5e-e0a6dc4ef949.html\">Der Beat begeistert \u2013 und nicht nur er<\/a><\/p>\n\n\n\n<h3 class=\"wp-block-heading\">2023<\/h3>\n\n\n\n<p><strong>Sch\u00fclervorspiel am 26.11.2023<\/strong>: <a href=\"https:\/\/mv-harthausen.de\/?page_id=708\" data-type=\"page\" data-id=\"708\">Der Nachwuchs zeigt sein K\u00f6nnen<\/a><\/p>\n\n\n\n<p><strong>Dorfrocker am 10.11.2023<\/strong>: <a href=\"https:\/\/mv-harthausen.de\/?page_id=684\" data-type=\"page\" data-id=\"684\">Das ganze Dorf ist da<\/a><\/p>\n\n\n\n<p><strong>Ausflug 2023<\/strong>: <a href=\"https:\/\/www.schwaebische.de\/regional\/sigmaringen\/musikverein-harthausen-scher-zu-besuch-bei-hansi-berger-1964864\" data-type=\"link\" data-id=\"https:\/\/www.schwaebische.de\/regional\/sigmaringen\/musikverein-harthausen-scher-zu-besuch-bei-hansi-berger-1964864\">Musikverein Harthausen\/Scher zu Besuch bei Hansi Berger<\/a><\/p>\n\n\n\n<p><strong>Fr\u00fchjahrskonzert 2023<\/strong>: <a href=\"https:\/\/www.schwarzwaelder-bote.de\/inhalt.osterkonzert-in-harthausen-der-fruehling-fliegt-teppich-wie-aladdin.a27937d8-ab40-46eb-9af7-2197827448f2.html\" data-type=\"link\" data-id=\"https:\/\/www.schwarzwaelder-bote.de\/inhalt.osterkonzert-in-harthausen-der-fruehling-fliegt-teppich-wie-aladdin.a27937d8-ab40-46eb-9af7-2197827448f2.html\">Der Fr\u00fchling fliegt Teppich wie Aladdin<\/a><\/p>\n\n\n\n<h3 class=\"wp-block-heading\">2019<\/h3>\n\n\n\n<p><strong>Fr\u00fchjahrskonzert 2019:<\/strong> <a href=\"https:\/\/www.schwarzwaelder-bote.de\/inhalt.winterlingen-ein-durchbruch-und-ein-abschied.05347e6d-57e3-4c73-ae4a-b37218ee3f83.html\">Ein Durchbruch und ein Abschied<\/a> (Schwarzw\u00e4lder Bote)<\/p>\n\n\n\n<h3 class=\"wp-block-heading\">2015<\/h3>\n\n\n\n<p><strong>Fr\u00fchjahrskonzert 2015:<\/strong> <a href=\"http:\/\/www.schwarzwaelder-bote.de\/inhalt.winterlingen-die-freiheit-ueber-den-wolken.eaf4c774-3163-47de-9a3a-ecaa22b51750.html\">Die Freiheit \u00fcber den Wolken<\/a> (Schwarzw\u00e4lder Bote)<\/p>\n\n\n\n<p><strong>Fr\u00fchjahrskonzert 2015:<\/strong> <a href=\"http:\/\/www.schwaebische.de\/region_artikel,-Dirigent-praesentiert-seinen-zweiten-eigenen-Marsch-_arid,10210289_toid,1080.html\">Dirigent pr\u00e4sentiert seinen eigenen Marsch<\/a> (Schw\u00e4bische Zeitung)<\/p>\n\n\n\n<p><strong>Generalversammlung 2015:<\/strong> <a href=\"http:\/\/www.schwaebische.de\/region_artikel,-Harthauser-Musikverein-hat-jetzt-eine-Vorsitzende-_arid,10193855_toid,1080.html\">Harthauser Musikverein hat jetzt eine Vorsitzende<\/a> (Schw\u00e4bische Zeitung)<\/p>\n\n\n\n<h3 class=\"wp-block-heading\">2014<\/h3>\n\n\n\n<p><strong>Fr\u00fchjahrskonzert 2014:<\/strong> <a href=\"http:\/\/www.schwarzwaelder-bote.de\/inhalt.winterlingen-musiker-reisen-rhythmisch-bis-ins-ferne-kuba.cf1e097e-cd2c-4e20-b280-aacef2469851.html\">Musiker reisen rhythmisch bis ins ferne Kuba<\/a> (Schwarzw\u00e4lder Bote)<\/p>\n\n\n\n<h3 class=\"wp-block-heading\">2013<\/h3>\n\n\n\n<p><strong>Kirchenkonzert 2013:<\/strong> <a href=\"http:\/\/www.schwarzwaelder-bote.de\/inhalt.winterlingen-trommelwirbel-und-nachdenkliches.e0df4a6e-dc2c-434e-a56b-1473b0468e2e.html\">Trommelwirbel und Nachdenkliches <\/a>(Schwarzw\u00e4lder Bote)<\/p>\n\n\n\n<p><strong>Adventsmarkt 2013:<\/strong> <a href=\"http:\/\/www.schwarzwaelder-bote.de\/inhalt.winterlingen-krippe-und-gluehwein-das-macht-lust-auf-das-fest.ea7d58d4-0fb1-420b-aab7-a3960525b6f1.html\">Krippe und Gl\u00fchwein, das macht Lust auf das Fest<\/a> (Schwarzw\u00e4lder Bote)<\/p>\n\n\n\n<p><strong>Sch\u00fclervorspiel 2013:<\/strong> <a href=\"http:\/\/www.schwaebische.de\/region\/sigmaringen-tuttlingen\/gammertingen\/nachrichten-gammertingen_artikel,-Erste-Auftritte-haben-sie-bereits-hinter-sich-_arid,5552215.html\">Erste Auftritte haben sie bereits hinter sich<\/a> (Schw\u00e4bische Zeitung)<\/p>\n\n\n\n<p><strong>Abendserenade Gartenschau 2013:<\/strong> <a href=\"http:\/\/www.schwarzwaelder-bote.de\/inhalt.winterlingen-abendserenade-des-musikvereins-harthausen-wirbt-fuer-die-blasmusik.908ee60b-2e01-4385-a156-423a4dfc929d.html\">Abendserenade wirbt f\u00fcr die Blasmusik<\/a> (Schwarzw\u00e4lder Bote)<\/p>\n\n\n\n<p><strong>Fr\u00fchjahrskonzert 2013:<\/strong> <a href=\"http:\/\/www.schwarzwaelder-bote.de\/inhalt.winterlingen-an-originalitaet-kaum-zu-ueberbieten.65c5644f-466b-4c42-8fef-df92b71bdbc3.html\">An Originalit\u00e4t kaum zu \u00fcberbieten<\/a> (Schwarzw\u00e4lder Bote)<\/p>\n\n\n\n<h3 class=\"wp-block-heading\">2012<\/h3>\n\n\n\n<p><strong>Fr\u00fchjahrskonzert 2012:<\/strong> <a href=\"http:\/\/www.schwarzwaelder-bote.de\/inhalt.winterlingen-geballte-wucht-des-blechs-imponiert.78f65d56-de26-4144-9183-70b7efcf884e.html\">Geballte Wucht des Blechs imponiert<\/a> (Schwarzw\u00e4lder Bote)<\/p>\n\n\n\n<h3 class=\"wp-block-heading\">2011<\/h3>\n\n\n\n<p><strong>Kirchenkonzert 2011:<\/strong> <a href=\"http:\/\/www.schwarzwaelder-bote.de\/inhalt.winterlingen-besondere-klangerlebnisse-zu-erfahren.edd4c281-de68-424e-91f2-e92078f14f0a.html\">Besondere Klangerlebnisse<\/a> (Schwarzw\u00e4lder Bote)<\/p>\n\n\n\n<p><strong>Fr\u00fchjahrskonzert 2011:<\/strong> <a href=\"http:\/\/www.schwarzwaelder-bote.de\/inhalt.winterlingen-fruehlingsgefuehle-hat-nicht-nur-shrek.b5083fc0-6a36-4e15-a7e7-0c8e6c5fed7c.html\">Fr\u00fchlingsgef\u00fchle hat nicht nur Shrek<\/a> (Schwarzw\u00e4lder Bote)<\/p>\n\n\n\n<h3 class=\"wp-block-heading\">2010<\/h3>\n\n\n\n<p><strong>Sch\u00fclervorspiel 2010:<\/strong> <a href=\"http:\/\/www.schwarzwaelder-bote.de\/inhalt.winterlingen-harthausen-erweist-sich-als-musikalischer-ort.3b9a3cc0-a8df-4e5e-91f3-a50be7d1226d.html\">Harthausen erweist sich als musikalischer Ort<\/a> (Schwarzw\u00e4lder Bote)<\/p>\n\n\n\n<h3 class=\"wp-block-heading\">2008<\/h3>\n\n\n\n<p><strong>Jubil\u00e4umskonzert M\u00e4nnergesangsverein 2008:<\/strong> <a href=\"http:\/\/www.singen-und-stimme.de\/index.php\/2008\/05\/29\/150-jahre-mgv-harthausenscher\/\">150 Jahre MGV Harthausen\/Scher<\/a> (Singen und Stimme)<\/p>\n","protected":false},"excerpt":{"rendered":"<p>2024 Sch\u00fclervorspiel am 24.11.2024: Nachwuchstalente begeistern beim Sch\u00fclervorspiel in Harthausen Sommerfest am 20.07.2024 und 21.07.2024: Bollenhut sorgt f\u00fcr Jubel beim Sommerfest des Musikvereins Harthausen Fr\u00fchjahrskonzert 2024: R\u00fcckblick Fr\u00fchjahrskonzert &amp; Der Beat begeistert \u2013 und nicht nur er 2023 Sch\u00fclervorspiel am 26.11.2023: Der Nachwuchs zeigt sein K\u00f6nnen Dorfrocker am 10.11.2023: Das ganze Dorf ist da Ausflug &hellip; <\/p>\n<p class=\"link-more\"><a href=\"http:\/\/mv-harthausen.de\/?page_id=32\" class=\"more-link\"><span class=\"screen-reader-text\">\u201eNews\u201c<\/span> weiterlesen<\/a><\/p>\n","protected":false},"author":1,"featured_media":0,"parent":0,"menu_order":0,"comment_status":"closed","ping_status":"closed","template":"","meta":{"footnotes":""},"class_list":["post-32","page","type-page","status-publish","hentry"],"_links":{"self":[{"href":"http:\/\/mv-harthausen.de\/index.php?rest_route=\/wp\/v2\/pages\/32","targetHints":{"allow":["GET"]}}],"collection":[{"href":"http:\/\/mv-harthausen.de\/index.php?rest_route=\/wp\/v2\/pages"}],"about":[{"href":"http:\/\/mv-harthausen.de\/index.php?rest_route=\/wp\/v2\/types\/page"}],"author":[{"embeddable":true,"href":"http:\/\/mv-harthausen.de\/index.php?rest_route=\/wp\/v2\/users\/1"}],"replies":[{"embeddable":true,"href":"http:\/\/mv-harthausen.de\/index.php?rest_route=%2Fwp%2Fv2%2Fcomments&post=32"}],"version-history":[{"count":26,"href":"http:\/\/mv-harthausen.de\/index.php?rest_route=\/wp\/v2\/pages\/32\/revisions"}],"predecessor-version":[{"id":763,"href":"http:\/\/mv-harthausen.de\/index.php?rest_route=\/wp\/v2\/pages\/32\/revisions\/763"}],"wp:attachment":[{"href":"http:\/\/mv-harthausen.de\/index.php?rest_route=%2Fwp%2Fv2%2Fmedia&parent=32"}],"curies":[{"name":"wp","href":"https:\/\/api.w.org\/{rel}","templated":true}]}}