{"id":257,"date":"2019-06-16T09:31:21","date_gmt":"2019-06-16T09:31:21","guid":{"rendered":"http:\/\/mv-harthausen.de\/?page_id=257"},"modified":"2024-02-11T15:17:03","modified_gmt":"2024-02-11T15:17:03","slug":"konzertprogramme-2015-heute","status":"publish","type":"page","link":"http:\/\/mv-harthausen.de\/?page_id=257","title":{"rendered":"Konzertprogramme 2015 &#8211; 2019"},"content":{"rendered":"\n<h3 class=\"wp-block-heading\">Fr\u00fchjahrskonzert, Ostersonntag 21. April 2019<\/h3>\n\n\n\n<table id=\"tablepress-22\" class=\"tablepress tablepress-id-22\">\n<tbody class=\"row-striping row-hover\">\n<tr class=\"row-1\">\n\t<td class=\"column-1\"><b>Jugendkapelle<\/b><\/td><td class=\"column-2\"><b>Leitung: Mareike Kasunic<br \/>\n<\/b><\/td>\n<\/tr>\n<tr class=\"row-2\">\n\t<td class=\"column-1\">Irish Dream\t<\/td><td class=\"column-2\">Kurt G\u00e4ble<br \/>\n<\/td>\n<\/tr>\n<tr class=\"row-3\">\n\t<td class=\"column-1\">See you again\t<\/td><td class=\"column-2\">arr. Johnnie Vinson<br \/>\n<\/td>\n<\/tr>\n<tr class=\"row-4\">\n\t<td class=\"column-1\">The Jungle Book\t<\/td><td class=\"column-2\">arr. Michael Brown<br \/>\n<\/td>\n<\/tr>\n<tr class=\"row-5\">\n\t<td class=\"column-1\"><\/td><td class=\"column-2\"><\/td>\n<\/tr>\n<tr class=\"row-6\">\n\t<td class=\"column-1\"><b>Gro\u00dfes Orchester\t<\/b><\/td><td class=\"column-2\"><b>Leitung: Walter Hauser<br \/>\n<\/b><\/td>\n<\/tr>\n<tr class=\"row-7\">\n\t<td class=\"column-1\">Fanfare for a Celebration\t<\/td><td class=\"column-2\">Charles Michiels<br \/>\n<\/td>\n<\/tr>\n<tr class=\"row-8\">\n\t<td class=\"column-1\">Adventure\t<\/td><td class=\"column-2\">Markus G\u00f6tz<br \/>\n<\/td>\n<\/tr>\n<tr class=\"row-9\">\n\t<td class=\"column-1\">Pata Pata\t<\/td><td class=\"column-2\">arr. Roland Kreid<br \/>\n<\/td>\n<\/tr>\n<tr class=\"row-10\">\n\t<td class=\"column-1\">Twinkling Flutes\t<\/td><td class=\"column-2\">Patrick Valo<br \/>\n<\/td>\n<\/tr>\n<tr class=\"row-11\">\n\t<td class=\"column-1\">Das Abzeichen\t<\/td><td class=\"column-2\">Stefan Marinoff, arr. Siegfried Rundel<\/td>\n<\/tr>\n<tr class=\"row-12\">\n\t<td class=\"column-1\">A brand new Day\t<\/td><td class=\"column-2\">Alan Fernie<br \/>\n<\/td>\n<\/tr>\n<tr class=\"row-13\">\n\t<td class=\"column-1\">At the Movies \u2013 The Classics\t<\/td><td class=\"column-2\">arr. Justin Williams<br \/>\n<\/td>\n<\/tr>\n<tr class=\"row-14\">\n\t<td class=\"column-1\">African Wildlife\t<\/td><td class=\"column-2\">Kees Vlak<br \/>\n<\/td>\n<\/tr>\n<tr class=\"row-15\">\n\t<td class=\"column-1\">Junge Ten\u00f6re\t<\/td><td class=\"column-2\">Peter Schad<br \/>\n<\/td>\n<\/tr>\n<tr class=\"row-16\">\n\t<td class=\"column-1\">Jubilant\t<\/td><td class=\"column-2\">Antonin Ulrich, arr. Siegfried Rundel<\/td>\n<\/tr>\n<tr class=\"row-17\">\n\t<td class=\"column-1\">Das Steigerlied\t<\/td><td class=\"column-2\"><\/td>\n<\/tr>\n<\/tbody>\n<\/table>\n<!-- #tablepress-22 from cache -->\n\n\n\n<h3 class=\"wp-block-heading\">Fr\u00fchjahrskonzert, Ostersonntag 01. April 2018<\/h3>\n\n\n\n<table id=\"tablepress-23\" class=\"tablepress tablepress-id-23\">\n<tbody class=\"row-striping row-hover\">\n<tr class=\"row-1\">\n\t<td class=\"column-1\"><b>Jugendkapelle<\/b><\/td><td class=\"column-2\"><b>Leitung: Mareike Kasunic<br \/>\n<\/b><\/td>\n<\/tr>\n<tr class=\"row-2\">\n\t<td class=\"column-1\">Skyfall<\/td><td class=\"column-2\">arr. Johnie Vinson<br \/>\n<\/td>\n<\/tr>\n<tr class=\"row-3\">\n\t<td class=\"column-1\">Y.M.C.A.\t<\/td><td class=\"column-2\">arr. Larry Norred<br \/>\n<\/td>\n<\/tr>\n<tr class=\"row-4\">\n\t<td class=\"column-1\">The Lion King\t<\/td><td class=\"column-2\">arr. Michael Brown<br \/>\n<\/td>\n<\/tr>\n<tr class=\"row-5\">\n\t<td class=\"column-1\"><\/td><td class=\"column-2\"><\/td>\n<\/tr>\n<tr class=\"row-6\">\n\t<td class=\"column-1\"><b>Gro\u00dfes Orchester\t<\/b><\/td><td class=\"column-2\"><b>Leitung: Walter Hauser<br \/>\n<\/b><\/td>\n<\/tr>\n<tr class=\"row-7\">\n\t<td class=\"column-1\">Concert Fanfare\t<\/td><td class=\"column-2\">Kees Vlak<br \/>\n<\/td>\n<\/tr>\n<tr class=\"row-8\">\n\t<td class=\"column-1\">Overture Jubiloso\t<\/td><td class=\"column-2\">Frank Erickson<br \/>\n<\/td>\n<\/tr>\n<tr class=\"row-9\">\n\t<td class=\"column-1\">My Dream\t<\/td><td class=\"column-2\">Peter Leitner<br \/>\n<\/td>\n<\/tr>\n<tr class=\"row-10\">\n\t<td class=\"column-1\">Salemonia\t<\/td><td class=\"column-2\">Kurt G\u00e4ble<br \/>\n<\/td>\n<\/tr>\n<tr class=\"row-11\">\n\t<td class=\"column-1\">Jump and Joy\t<\/td><td class=\"column-2\">Markus G\u00f6tz<br \/>\n<\/td>\n<\/tr>\n<tr class=\"row-12\">\n\t<td class=\"column-1\">80er Kult\t<\/td><td class=\"column-2\">arr. Thiemo Kraas<br \/>\n<\/td>\n<\/tr>\n<tr class=\"row-13\">\n\t<td class=\"column-1\">The Simpsons\t<\/td><td class=\"column-2\">Danny Elfman, arr. Paul Jennings<\/td>\n<\/tr>\n<tr class=\"row-14\">\n\t<td class=\"column-1\">Heublumen-Polka\t<\/td><td class=\"column-2\">Kurt G\u00e4ble<br \/>\n<\/td>\n<\/tr>\n<tr class=\"row-15\">\n\t<td class=\"column-1\">Des Gro\u00dfen Kurf\u00fcrsten Reitermarsch\t<\/td><td class=\"column-2\">arr. Siegfried Rundel<br \/>\n<\/td>\n<\/tr>\n<\/tbody>\n<\/table>\n<!-- #tablepress-23 from cache -->\n\n\n\n<h3 class=\"wp-block-heading\">Kirchenkonzert, Samstag 16. Dezember 2017<\/h3>\n\n\n\n<table id=\"tablepress-24\" class=\"tablepress tablepress-id-24\">\n<tbody class=\"row-striping row-hover\">\n<tr class=\"row-1\">\n\t<td class=\"column-1\"><b>Gro\u00dfes Orchester\t<\/b><\/td><td class=\"column-2\"><b>Leitung: Walter Hauser<br \/>\n<\/b><\/td>\n<\/tr>\n<tr class=\"row-2\">\n\t<td class=\"column-1\">Skyfall<\/td><td class=\"column-2\">Adele Adkins, Paul Epworth, arr. Jay Bocook<\/td>\n<\/tr>\n<tr class=\"row-3\">\n\t<td class=\"column-1\">Pocahontas\t<\/td><td class=\"column-2\">Alan Menken, arr. Andr\u00e9 Waignein<\/td>\n<\/tr>\n<tr class=\"row-4\">\n\t<td class=\"column-1\">All things bright and beautiful\t<\/td><td class=\"column-2\">William Henry Monk, arr. Vince Colter<\/td>\n<\/tr>\n<tr class=\"row-5\">\n\t<td class=\"column-1\">\u201eStanding By\u201c The Young Verdi\t<\/td><td class=\"column-2\">arr. Tom Parker<br \/>\n<\/td>\n<\/tr>\n<tr class=\"row-6\">\n\t<td class=\"column-1\">One moment in time\t<\/td><td class=\"column-2\">Albert Hammond, John Bettis, arr. John Higgins<\/td>\n<\/tr>\n<tr class=\"row-7\">\n\t<td class=\"column-1\">Hallelujah\t<\/td><td class=\"column-2\">Leonard Cohen, arr. Michael Brown<\/td>\n<\/tr>\n<tr class=\"row-8\">\n\t<td class=\"column-1\">Oh happy day\t<\/td><td class=\"column-2\">P. Doddridge, E.F. Rimbault, arr. Donald Furlano<\/td>\n<\/tr>\n<\/tbody>\n<\/table>\n<!-- #tablepress-24 from cache -->\n\n\n\n<h3 class=\"wp-block-heading\">Fr\u00fchjahrskonzert, Ostersonntag 16. April 2017<\/h3>\n\n\n\n<table id=\"tablepress-25\" class=\"tablepress tablepress-id-25\">\n<tbody class=\"row-striping row-hover\">\n<tr class=\"row-1\">\n\t<td class=\"column-1\"><b>Jugendkapelle<\/b><\/td><td class=\"column-2\"><b>Leitung: Mareike Kasunic<br \/>\n<\/b><\/td>\n<\/tr>\n<tr class=\"row-2\">\n\t<td class=\"column-1\">House of Dance\t<\/td><td class=\"column-2\">Blackstone<\/td>\n<\/tr>\n<tr class=\"row-3\">\n\t<td class=\"column-1\">Children of Europe\t<\/td><td class=\"column-2\">Bu\u00df<\/td>\n<\/tr>\n<tr class=\"row-4\">\n\t<td class=\"column-1\">Eye of the Tiger\t<\/td><td class=\"column-2\">arr. Vinson<br \/>\n<\/td>\n<\/tr>\n<tr class=\"row-5\">\n\t<td class=\"column-1\">Easy Pop Suite Reggae Ballad\t<\/td><td class=\"column-2\"><\/td>\n<\/tr>\n<tr class=\"row-6\">\n\t<td class=\"column-1\"><\/td><td class=\"column-2\"><\/td>\n<\/tr>\n<tr class=\"row-7\">\n\t<td class=\"column-1\"><b>Gro\u00dfes Orchester\t<\/b><\/td><td class=\"column-2\"><b>Leitung: Walter Hauser<br \/>\n<\/b><\/td>\n<\/tr>\n<tr class=\"row-8\">\n\t<td class=\"column-1\">Arsenal<\/td><td class=\"column-2\">Roost<\/td>\n<\/tr>\n<tr class=\"row-9\">\n\t<td class=\"column-1\">Kap Arkona\t<\/td><td class=\"column-2\">B\u00f6sendorfer<\/td>\n<\/tr>\n<tr class=\"row-10\">\n\t<td class=\"column-1\">Preacher Man\t<\/td><td class=\"column-2\">arr. Sutherland<br \/>\n<\/td>\n<\/tr>\n<tr class=\"row-11\">\n\t<td class=\"column-1\">Para El Alcalde\t<\/td><td class=\"column-2\">Scherbacher<\/td>\n<\/tr>\n<tr class=\"row-12\">\n\t<td class=\"column-1\">Diamir-Marsch\t<\/td><td class=\"column-2\">Rieber<\/td>\n<\/tr>\n<tr class=\"row-13\">\n\t<td class=\"column-1\">Bon Jovi Rock Mix\t<\/td><td class=\"column-2\">arr. W\u00f6ssner<br \/>\n<\/td>\n<\/tr>\n<tr class=\"row-14\">\n\t<td class=\"column-1\">Romantic Dreams for Trumpets\t<\/td><td class=\"column-2\">Papert<\/td>\n<\/tr>\n<tr class=\"row-15\">\n\t<td class=\"column-1\">Zwei Egerl\u00e4nder in Oberkrain\t<\/td><td class=\"column-2\">Sagert<\/td>\n<\/tr>\n<tr class=\"row-16\">\n\t<td class=\"column-1\">B\u00f6hmische Liebe\t<\/td><td class=\"column-2\">Rauch<\/td>\n<\/tr>\n<tr class=\"row-17\">\n\t<td class=\"column-1\">Die Bosniaken kommen\t<\/td><td class=\"column-2\">Wagners, arr. Falk<\/td>\n<\/tr>\n<tr class=\"row-18\">\n\t<td class=\"column-1\">Unter dem Doppeladler\t<\/td><td class=\"column-2\">Wagner<\/td>\n<\/tr>\n<\/tbody>\n<\/table>\n<!-- #tablepress-25 from cache -->\n\n\n\n<h3 class=\"wp-block-heading\">Fr\u00fchjahrskonzert, Ostersonntag 27. M\u00e4rz 2016<\/h3>\n\n\n\n<table id=\"tablepress-26\" class=\"tablepress tablepress-id-26\">\n<tbody class=\"row-striping row-hover\">\n<tr class=\"row-1\">\n\t<td class=\"column-1\"><b>Jugendkapelle<\/b><\/td><td class=\"column-2\"><b>Leitung: Mareike Kasunic<br \/>\n<\/b><\/td>\n<\/tr>\n<tr class=\"row-2\">\n\t<td class=\"column-1\">Just give me a reason\t<\/td><td class=\"column-2\">Kazik<\/td>\n<\/tr>\n<tr class=\"row-3\">\n\t<td class=\"column-1\">La Cucaracha\t<\/td><td class=\"column-2\">arr. Scherbacher<br \/>\n<\/td>\n<\/tr>\n<tr class=\"row-4\">\n\t<td class=\"column-1\">Summer Nights\t<\/td><td class=\"column-2\">arr. Vinson<br \/>\n<\/td>\n<\/tr>\n<tr class=\"row-5\">\n\t<td class=\"column-1\">Smoke on the water\t<\/td><td class=\"column-2\"><\/td>\n<\/tr>\n<tr class=\"row-6\">\n\t<td class=\"column-1\"><\/td><td class=\"column-2\"><\/td>\n<\/tr>\n<tr class=\"row-7\">\n\t<td class=\"column-1\"><b>Gro\u00dfes Orchester\t<\/b><\/td><td class=\"column-2\"><b>Leitung: Walter Hauser<br \/>\n<\/b><\/td>\n<\/tr>\n<tr class=\"row-8\">\n\t<td class=\"column-1\">Festprolog\t<\/td><td class=\"column-2\">arr. Scherbacher<br \/>\n<\/td>\n<\/tr>\n<tr class=\"row-9\">\n\t<td class=\"column-1\">Yorkshire Ballad\t<\/td><td class=\"column-2\">Barnes<\/td>\n<\/tr>\n<tr class=\"row-10\">\n\t<td class=\"column-1\">Fate of the gods\t<\/td><td class=\"column-2\">Reineke<\/td>\n<\/tr>\n<tr class=\"row-11\">\n\t<td class=\"column-1\">Hands across the sea\t<\/td><td class=\"column-2\">Sousa, arr. Brion\/Schissel<\/td>\n<\/tr>\n<tr class=\"row-12\">\n\t<td class=\"column-1\">Diamir-Marsch\t<\/td><td class=\"column-2\">Rieber<\/td>\n<\/tr>\n<tr class=\"row-13\">\n\t<td class=\"column-1\">Star Wars Medley\t<\/td><td class=\"column-2\">Williams, arr. Tatgenhorst<\/td>\n<\/tr>\n<tr class=\"row-14\">\n\t<td class=\"column-1\">Ich war noch niemals in New York\t<\/td><td class=\"column-2\">J\u00fcrgens, arr. Brighton<\/td>\n<\/tr>\n<tr class=\"row-15\">\n\t<td class=\"column-1\">Big Horn Blues\t<\/td><td class=\"column-2\">Hermann<\/td>\n<\/tr>\n<tr class=\"row-16\">\n\t<td class=\"column-1\">Granit-Polka\t<\/td><td class=\"column-2\">Scherbacher<br \/>\n<\/td>\n<\/tr>\n<tr class=\"row-17\">\n\t<td class=\"column-1\">Gru\u00df an Kiel\t<\/td><td class=\"column-2\">Spohr, arr. Rundel<\/td>\n<\/tr>\n<tr class=\"row-18\">\n\t<td class=\"column-1\">Teppichklopfer-Polka\t<\/td><td class=\"column-2\"><\/td>\n<\/tr>\n<tr class=\"row-19\">\n\t<td class=\"column-1\">Furchtlos und treu\t<\/td><td class=\"column-2\"><\/td>\n<\/tr>\n<\/tbody>\n<\/table>\n<!-- #tablepress-26 from cache -->\n\n\n\n<h3 class=\"wp-block-heading\">Kirchenkonzert, Samstag 19. Dezember 2015<\/h3>\n\n\n\n<table id=\"tablepress-27\" class=\"tablepress tablepress-id-27\">\n<tbody class=\"row-striping row-hover\">\n<tr class=\"row-1\">\n\t<td class=\"column-1\"><b>Jugendkapelle<\/b><\/td><td class=\"column-2\"><b>Leitung: Mareike Kasunic<br \/>\n<\/b><\/td>\n<\/tr>\n<tr class=\"row-2\">\n\t<td class=\"column-1\">Siyahamba<\/td><td class=\"column-2\">Ghisallo<\/td>\n<\/tr>\n<tr class=\"row-3\">\n\t<td class=\"column-1\">I will follow him\t<\/td><td class=\"column-2\">arr. Sweeney<br \/>\n<\/td>\n<\/tr>\n<tr class=\"row-4\">\n\t<td class=\"column-1\"><\/td><td class=\"column-2\"><\/td>\n<\/tr>\n<tr class=\"row-5\">\n\t<td class=\"column-1\"><b>Gro\u00dfes Orchester\t<\/b><\/td><td class=\"column-2\"><b>Leitung: Walter Hauser<br \/>\n<\/b><\/td>\n<\/tr>\n<tr class=\"row-6\">\n\t<td class=\"column-1\">A Reunion in Love\t<\/td><td class=\"column-2\">Schulte<\/td>\n<\/tr>\n<tr class=\"row-7\">\n\t<td class=\"column-1\">Music<\/td><td class=\"column-2\">Miles \/ arr. Sparke<br \/>\n<\/td>\n<\/tr>\n<tr class=\"row-8\">\n\t<td class=\"column-1\">James Last Golden Hits\t<\/td><td class=\"column-2\">Last \/ arr. McMillan<br \/>\n<\/td>\n<\/tr>\n<tr class=\"row-9\">\n\t<td class=\"column-1\">Jesus Christ Superstar\t<\/td><td class=\"column-2\">Webber \/ arr. Hautvast<br \/>\n<\/td>\n<\/tr>\n<tr class=\"row-10\">\n\t<td class=\"column-1\">White Christmas\t<\/td><td class=\"column-2\">Berlin \/ arr. Sorbon<br \/>\n<\/td>\n<\/tr>\n<tr class=\"row-11\">\n\t<td class=\"column-1\">Es ist f\u00fcr uns eine Zeit angekommen\t<\/td><td class=\"column-2\">trad. \/ arr. Falk<br \/>\n<\/td>\n<\/tr>\n<tr class=\"row-12\">\n\t<td class=\"column-1\">Oh du Fr\u00f6hliche\t<\/td><td class=\"column-2\">trad.<br \/>\n<\/td>\n<\/tr>\n<\/tbody>\n<\/table>\n<!-- #tablepress-27 from cache -->\n","protected":false},"excerpt":{"rendered":"<p>Fr\u00fchjahrskonzert, Ostersonntag 21. April 2019 Fr\u00fchjahrskonzert, Ostersonntag 01. April 2018 Kirchenkonzert, Samstag 16. Dezember 2017 Fr\u00fchjahrskonzert, Ostersonntag 16. April 2017 Fr\u00fchjahrskonzert, Ostersonntag 27. M\u00e4rz 2016 Kirchenkonzert, Samstag 19. Dezember 2015<\/p>\n","protected":false},"author":1,"featured_media":0,"parent":112,"menu_order":0,"comment_status":"closed","ping_status":"closed","template":"","meta":{"footnotes":""},"class_list":["post-257","page","type-page","status-publish","hentry"],"_links":{"self":[{"href":"http:\/\/mv-harthausen.de\/index.php?rest_route=\/wp\/v2\/pages\/257","targetHints":{"allow":["GET"]}}],"collection":[{"href":"http:\/\/mv-harthausen.de\/index.php?rest_route=\/wp\/v2\/pages"}],"about":[{"href":"http:\/\/mv-harthausen.de\/index.php?rest_route=\/wp\/v2\/types\/page"}],"author":[{"embeddable":true,"href":"http:\/\/mv-harthausen.de\/index.php?rest_route=\/wp\/v2\/users\/1"}],"replies":[{"embeddable":true,"href":"http:\/\/mv-harthausen.de\/index.php?rest_route=%2Fwp%2Fv2%2Fcomments&post=257"}],"version-history":[{"count":17,"href":"http:\/\/mv-harthausen.de\/index.php?rest_route=\/wp\/v2\/pages\/257\/revisions"}],"predecessor-version":[{"id":732,"href":"http:\/\/mv-harthausen.de\/index.php?rest_route=\/wp\/v2\/pages\/257\/revisions\/732"}],"up":[{"embeddable":true,"href":"http:\/\/mv-harthausen.de\/index.php?rest_route=\/wp\/v2\/pages\/112"}],"wp:attachment":[{"href":"http:\/\/mv-harthausen.de\/index.php?rest_route=%2Fwp%2Fv2%2Fmedia&parent=257"}],"curies":[{"name":"wp","href":"https:\/\/api.w.org\/{rel}","templated":true}]}}