{"id":175,"date":"2019-06-15T15:23:53","date_gmt":"2019-06-15T15:23:53","guid":{"rendered":"http:\/\/mv-harthausen.de\/?page_id=175"},"modified":"2019-06-17T17:13:12","modified_gmt":"2019-06-17T17:13:12","slug":"konzertprogramme-2003-2007","status":"publish","type":"page","link":"http:\/\/mv-harthausen.de\/?page_id=175","title":{"rendered":"Konzertprogramme 2003 &#8211; 2007"},"content":{"rendered":"\n<h3 class=\"wp-block-heading\">Fr\u00fchjahrskonzert, Ostersonntag 08. April 2007<\/h3>\n\n\n\n<table id=\"tablepress-3\" class=\"tablepress tablepress-id-3\">\n<tbody class=\"row-striping row-hover\">\n<tr class=\"row-1\">\n\t<td class=\"column-1\"><b>Jugendkapelle<\/b><\/td><td class=\"column-2\"><b>Leitung: Jochen Rieber<\/b><\/td>\n<\/tr>\n<tr class=\"row-2\">\n\t<td class=\"column-1\">Die glorreichen Sieben<\/td><td class=\"column-2\">Elmer Bernstein, arr. J. Bullock<\/td>\n<\/tr>\n<tr class=\"row-3\">\n\t<td class=\"column-1\">Ein Abend im Ballett<\/td><td class=\"column-2\">Peter I. Tschaikowsky, arr. J. Curnow<\/td>\n<\/tr>\n<tr class=\"row-4\">\n\t<td class=\"column-1\">Ich und mein Schlagzeug\t<\/td><td class=\"column-2\">Paul Biste<\/td>\n<\/tr>\n<tr class=\"row-5\">\n\t<td class=\"column-1\">Oh Happy Day\t<\/td><td class=\"column-2\">arr. Dennis Armitage<br \/>\n<\/td>\n<\/tr>\n<tr class=\"row-6\">\n\t<td class=\"column-1\">Smoke on the water (E-Gitarre: Sebastian Pfaff)\t<\/td><td class=\"column-2\">arr. Mike Sutherland<br \/>\n<\/td>\n<\/tr>\n<tr class=\"row-7\">\n\t<td class=\"column-1\"><\/td><td class=\"column-2\"><\/td>\n<\/tr>\n<tr class=\"row-8\">\n\t<td class=\"column-1\"><b>Musikverein<\/b><\/td><td class=\"column-2\"><b>Leitung: Paul Gaiser<br \/>\n<\/b><\/td>\n<\/tr>\n<tr class=\"row-9\">\n\t<td class=\"column-1\">Florentiner Marsch\t<\/td><td class=\"column-2\">Julius Fucik<br \/>\n<\/td>\n<\/tr>\n<tr class=\"row-10\">\n\t<td class=\"column-1\">Ukrainian Rhapsody\t<\/td><td class=\"column-2\">Franco Cesarini<br \/>\n<\/td>\n<\/tr>\n<tr class=\"row-11\">\n\t<td class=\"column-1\">Morgenstimmung<\/td><td class=\"column-2\">Edvard Grieg, arr. G. Mortimer<br \/>\n<\/td>\n<\/tr>\n<tr class=\"row-12\">\n\t<td class=\"column-1\">Hora Staccato\t<\/td><td class=\"column-2\">Grigoras Dinicu, arr. K. Butterstein<\/td>\n<\/tr>\n<tr class=\"row-13\">\n\t<td class=\"column-1\">Zollernalb<\/td><td class=\"column-2\">Martin Scherbacher<\/td>\n<\/tr>\n<tr class=\"row-14\">\n\t<td class=\"column-1\">The Mask of Zorro<\/td><td class=\"column-2\">James Horner, arr. J. Moss<\/td>\n<\/tr>\n<tr class=\"row-15\">\n\t<td class=\"column-1\">Fascinating Drums\t<\/td><td class=\"column-2\">Ted Huggens<br \/>\n<\/td>\n<\/tr>\n<tr class=\"row-16\">\n\t<td class=\"column-1\">Musikanten-Treue\t<\/td><td class=\"column-2\">Robert Payer<br \/>\n<\/td>\n<\/tr>\n<tr class=\"row-17\">\n\t<td class=\"column-1\">Just a Gigolo \/ I ain\u2019t got nobody\t<\/td><td class=\"column-2\">Leonello Casucci, arr. H. Kolasch<\/td>\n<\/tr>\n<tr class=\"row-18\">\n\t<td class=\"column-1\">Bohemia<\/td><td class=\"column-2\">Kurt Pascher<\/td>\n<\/tr>\n<tr class=\"row-19\">\n\t<td class=\"column-1\">Morgenbl\u00fcten<\/td><td class=\"column-2\">Antonin Zvacek, arr. S. Rundel<\/td>\n<\/tr>\n<\/tbody>\n<\/table>\n<!-- #tablepress-3 from cache -->\n\n\n\n<h3 class=\"wp-block-heading\">Fr\u00fchjahrskonzert, Ostersonntag 16. April 2006<\/h3>\n\n\n\n<table id=\"tablepress-4\" class=\"tablepress tablepress-id-4\">\n<tbody class=\"row-striping row-hover\">\n<tr class=\"row-1\">\n\t<td class=\"column-1\"><b>Jugendkapelle<\/b><\/td><td class=\"column-2\"><b>Leitung: Jochen Rieber<\/b><\/td>\n<\/tr>\n<tr class=\"row-2\">\n\t<td class=\"column-1\">The Young Amadeus<\/td><td class=\"column-2\">W.A. Mozart, arr. Tom Parker\/Jan de Haan<\/td>\n<\/tr>\n<tr class=\"row-3\">\n\t<td class=\"column-1\">The Lion King<\/td><td class=\"column-2\">Elton John<\/td>\n<\/tr>\n<tr class=\"row-4\">\n\t<td class=\"column-1\">Choral and Beat for Band<\/td><td class=\"column-2\">Hermann Kahlenbach<\/td>\n<\/tr>\n<tr class=\"row-5\">\n\t<td class=\"column-1\">Sweet Caroline<\/td><td class=\"column-2\">N. Diamond, arr. Enzo da Rold<\/td>\n<\/tr>\n<tr class=\"row-6\">\n\t<td class=\"column-1\">Derby Time<\/td><td class=\"column-2\">Georg Stich<\/td>\n<\/tr>\n<tr class=\"row-7\">\n\t<td class=\"column-1\"><\/td><td class=\"column-2\"><\/td>\n<\/tr>\n<tr class=\"row-8\">\n\t<td class=\"column-1\"><b>Musikverein<\/b><\/td><td class=\"column-2\"><b>Leitung: Paul Gaiser<\/b><\/td>\n<\/tr>\n<tr class=\"row-9\">\n\t<td class=\"column-1\">Auf neuen Wegen<\/td><td class=\"column-2\">Ansgar Wei\u00dferth<br \/>\n<\/td>\n<\/tr>\n<tr class=\"row-10\">\n\t<td class=\"column-1\">Lord Tullamore\t<\/td><td class=\"column-2\">Carl Wittrock<br \/>\n<\/td>\n<\/tr>\n<tr class=\"row-11\">\n\t<td class=\"column-1\">Andante<\/td><td class=\"column-2\">W.A. Mozart, arr. Roland Kreid<\/td>\n<\/tr>\n<tr class=\"row-12\">\n\t<td class=\"column-1\">Children of Sanchez<\/td><td class=\"column-2\">Chuck Mangione, arr. Naohiro Iwai<\/td>\n<\/tr>\n<tr class=\"row-13\">\n\t<td class=\"column-1\">Alte Kameraden<\/td><td class=\"column-2\">Carl Teike<\/td>\n<\/tr>\n<tr class=\"row-14\">\n\t<td class=\"column-1\">St. Louis Blues-Marsch<\/td><td class=\"column-2\">W.C. Handy, arr. Franz David<\/td>\n<\/tr>\n<tr class=\"row-15\">\n\t<td class=\"column-1\">A Rock Selection<\/td><td class=\"column-2\">arr. Mike Sutherland<\/td>\n<\/tr>\n<tr class=\"row-16\">\n\t<td class=\"column-1\">Sad and Blue<\/td><td class=\"column-2\">Alan Fernie<\/td>\n<\/tr>\n<tr class=\"row-17\">\n\t<td class=\"column-1\">Tico Tico<\/td><td class=\"column-2\">Zequinha de Abreu, arr. Klaus Butterstein<\/td>\n<\/tr>\n<tr class=\"row-18\">\n\t<td class=\"column-1\">Wild Cat Blues<\/td><td class=\"column-2\">Thomas Waller \/ Clarence Williams, arr. Vlad Kabec<\/td>\n<\/tr>\n<tr class=\"row-19\">\n\t<td class=\"column-1\">Jasmin<\/td><td class=\"column-2\">arr. Freek Mestrini<\/td>\n<\/tr>\n<tr class=\"row-20\">\n\t<td class=\"column-1\">Slow Motion\t<\/td><td class=\"column-2\">Franz Marto, arr. Hans Kolditz<\/td>\n<\/tr>\n<tr class=\"row-21\">\n\t<td class=\"column-1\">Fliegermarsch<\/td><td class=\"column-2\">Hermann Dostal, arr. Franz Bummerl<\/td>\n<\/tr>\n<\/tbody>\n<\/table>\n<!-- #tablepress-4 from cache -->\n\n\n\n<h3 class=\"wp-block-heading\">Kirchenkonzert, Samstag 18. Dezember 2005<\/h3>\n\n\n\n<table id=\"tablepress-5\" class=\"tablepress tablepress-id-5\">\n<tbody class=\"row-striping row-hover\">\n<tr class=\"row-1\">\n\t<td class=\"column-1\"><b>Jugendkapelle<\/b><\/td><td class=\"column-2\"><b>Leitung: Anna Maria Mauz<\/b><\/td>\n<\/tr>\n<tr class=\"row-2\">\n\t<td class=\"column-1\">Leise rieselt der Schnee\t<\/td><td class=\"column-2\">trad.<br \/>\n<\/td>\n<\/tr>\n<tr class=\"row-3\">\n\t<td class=\"column-1\">White Christmas\t<\/td><td class=\"column-2\">Irving Berlin, arr. K. Sorbon<\/td>\n<\/tr>\n<tr class=\"row-4\">\n\t<td class=\"column-1\">One moment in time\t<\/td><td class=\"column-2\">Hammond\/Bettis, arr. J. Higgins<\/td>\n<\/tr>\n<tr class=\"row-5\">\n\t<td class=\"column-1\"><\/td><td class=\"column-2\"><\/td>\n<\/tr>\n<tr class=\"row-6\">\n\t<td class=\"column-1\"><b>Klarinette (Jochen Rieber) und Orgel (Manfred Hengstler)<\/b><\/td><td class=\"column-2\"><\/td>\n<\/tr>\n<tr class=\"row-7\">\n\t<td class=\"column-1\">Klarinettenkonzert Nr. 3, 1. Satz<\/td><td class=\"column-2\">Johann Stamitz<br \/>\n<\/td>\n<\/tr>\n<tr class=\"row-8\">\n\t<td class=\"column-1\"><\/td><td class=\"column-2\"><\/td>\n<\/tr>\n<tr class=\"row-9\">\n\t<td class=\"column-1\"><b>Ensemble<\/b><\/td><td class=\"column-2\"><b>Leitung: Jochen Rieber<\/b><\/td>\n<\/tr>\n<tr class=\"row-10\">\n\t<td class=\"column-1\">Bues in Bb<\/td><td class=\"column-2\">Heinz Both, arr. J. Rieber<\/td>\n<\/tr>\n<tr class=\"row-11\">\n\t<td class=\"column-1\"><\/td><td class=\"column-2\"><\/td>\n<\/tr>\n<tr class=\"row-12\">\n\t<td class=\"column-1\"><b>Musikverein<\/b><\/td><td class=\"column-2\"><b>Leitung: Paul Gaiser<\/b><\/td>\n<\/tr>\n<tr class=\"row-13\">\n\t<td class=\"column-1\">Celebrated Air<\/td><td class=\"column-2\">J.S. Bach, arr. H. Walters<\/td>\n<\/tr>\n<tr class=\"row-14\">\n\t<td class=\"column-1\">Highland Cathedral\t<\/td><td class=\"column-2\">Korb\/Roever, arr. A. Duncan<\/td>\n<\/tr>\n<tr class=\"row-15\">\n\t<td class=\"column-1\">Eleni<\/td><td class=\"column-2\">Tol\/Tol, arr. B. Fraser<\/td>\n<\/tr>\n<tr class=\"row-16\">\n\t<td class=\"column-1\">Music (Gesang: Petra Pfaff)<\/td><td class=\"column-2\">John Miles, arr. R. Beck<\/td>\n<\/tr>\n<tr class=\"row-17\">\n\t<td class=\"column-1\">The Power of Love<\/td><td class=\"column-2\">Rouge\/Meede, arr. J. Grain<\/td>\n<\/tr>\n<tr class=\"row-18\">\n\t<td class=\"column-1\">Stille Nacht<\/td><td class=\"column-2\">Franz Gruber, arr. J. de Haan<\/td>\n<\/tr>\n<\/tbody>\n<\/table>\n<!-- #tablepress-5 from cache -->\n\n\n\n<h3 class=\"wp-block-heading\"> Fr\u00fchjahrskonzert, Ostersonntag 27. M\u00e4rz 2005<\/h3>\n\n\n\n<table id=\"tablepress-6\" class=\"tablepress tablepress-id-6\">\n<tbody class=\"row-striping row-hover\">\n<tr class=\"row-1\">\n\t<td class=\"column-1\"><b>Jugendkapelle<\/b><\/td><td class=\"column-2\"><b>Leitung: Jochen Rieber<\/b><\/td>\n<\/tr>\n<tr class=\"row-2\">\n\t<td class=\"column-1\">The castle of Bray\t<\/td><td class=\"column-2\">Kees Vlak<br \/>\n<\/td>\n<\/tr>\n<tr class=\"row-3\">\n\t<td class=\"column-1\">Nessaja<\/td><td class=\"column-2\">Peter Maffay, arr. Kurt G\u00e4ble<\/td>\n<\/tr>\n<tr class=\"row-4\">\n\t<td class=\"column-1\">The closest thing to crazy (Gesang: Petra Pfaff)<\/td><td class=\"column-2\">Mike Batt, arr. Jochen Rieber<\/td>\n<\/tr>\n<tr class=\"row-5\">\n\t<td class=\"column-1\">The Pink Panther<\/td><td class=\"column-2\">Henri Mancini, arr. John Edmondson<\/td>\n<\/tr>\n<tr class=\"row-6\">\n\t<td class=\"column-1\">Happy Marching Band<\/td><td class=\"column-2\">arr. Siegfried Rundel<\/td>\n<\/tr>\n<tr class=\"row-7\">\n\t<td class=\"column-1\"><\/td><td class=\"column-2\"><\/td>\n<\/tr>\n<tr class=\"row-8\">\n\t<td class=\"column-1\"><b>Musikverein<\/b><\/td><td class=\"column-2\"><b>Leitung: Paul Gaiser<\/b><\/td>\n<\/tr>\n<tr class=\"row-9\">\n\t<td class=\"column-1\">Grazer Fr\u00fchlingszauber\t<\/td><td class=\"column-2\">Martin Scherbacher<br \/>\n<\/td>\n<\/tr>\n<tr class=\"row-10\">\n\t<td class=\"column-1\">Adebars Reise\t<\/td><td class=\"column-2\">Markus G\u00f6tz<br \/>\n<\/td>\n<\/tr>\n<tr class=\"row-11\">\n\t<td class=\"column-1\">Bolero<\/td><td class=\"column-2\">Maurice Ravel, arr. Randy Beck<\/td>\n<\/tr>\n<tr class=\"row-12\">\n\t<td class=\"column-1\">Erinnerung an Satchmo\t<\/td><td class=\"column-2\">arr. Enzo da Rold<br \/>\n<\/td>\n<\/tr>\n<tr class=\"row-13\">\n\t<td class=\"column-1\">Graf Zeppelin-Marsch\t<\/td><td class=\"column-2\">Carl Teike<br \/>\n<\/td>\n<\/tr>\n<tr class=\"row-14\">\n\t<td class=\"column-1\">The big picture\t<\/td><td class=\"column-2\">arr. John Higgins<br \/>\n<\/td>\n<\/tr>\n<tr class=\"row-15\">\n\t<td class=\"column-1\">Blue Tango\t<\/td><td class=\"column-2\">Leroy Anderson<br \/>\n<\/td>\n<\/tr>\n<tr class=\"row-16\">\n\t<td class=\"column-1\">2er-Polka\t<\/td><td class=\"column-2\">Peter Schad<br \/>\n<\/td>\n<\/tr>\n<tr class=\"row-17\">\n\t<td class=\"column-1\">Brasil Festival\t<\/td><td class=\"column-2\">Dominique Wyckhuys<br \/>\n<\/td>\n<\/tr>\n<tr class=\"row-18\">\n\t<td class=\"column-1\">Tiroler Adler\t<\/td><td class=\"column-2\">Rudolf Achleitner, arr. Franz Watz<br \/>\n<\/td>\n<\/tr>\n<tr class=\"row-19\">\n\t<td class=\"column-1\">B\u00f6hmischer Traum\t<\/td><td class=\"column-2\">Norbert G\u00e4lle, arr. Siegfried Rundel<\/td>\n<\/tr>\n<tr class=\"row-20\">\n\t<td class=\"column-1\">Andalucia\t<\/td><td class=\"column-2\">Ernesto Lecuona,<br \/>\narr. H. Hermannsd\u00f6rfer<br \/>\n(Leitung: Jochen Rieber)<\/td>\n<\/tr>\n<\/tbody>\n<\/table>\n<!-- #tablepress-6 from cache -->\n\n\n\n<h3 class=\"wp-block-heading\">Fr\u00fchjahrskonzert, Ostersonntag 11. April 2004<\/h3>\n\n\n\n<table id=\"tablepress-7\" class=\"tablepress tablepress-id-7\">\n<tbody class=\"row-striping row-hover\">\n<tr class=\"row-1\">\n\t<td class=\"column-1\"><b>Jugendgruppe und Jugendkapelle<\/b><\/td><td class=\"column-2\"><b>Leitung: Jochen Rieber<\/b><\/td>\n<\/tr>\n<tr class=\"row-2\">\n\t<td class=\"column-1\">Aura Lee\t<\/td><td class=\"column-2\">arr. M Scherbacher<br \/>\n<\/td>\n<\/tr>\n<tr class=\"row-3\">\n\t<td class=\"column-1\">La Cucaracha\t<\/td><td class=\"column-2\">arr. M Scherbacher<br \/>\n<\/td>\n<\/tr>\n<tr class=\"row-4\">\n\t<td class=\"column-1\">Conquest of Paradise\t<\/td><td class=\"column-2\">Vangelis, arr. Ron Sebregts<\/td>\n<\/tr>\n<tr class=\"row-5\">\n\t<td class=\"column-1\">Young Life\t<\/td><td class=\"column-2\">Manfred Schneider<br \/>\n<\/td>\n<\/tr>\n<tr class=\"row-6\">\n\t<td class=\"column-1\">Gonna fly now\t<\/td><td class=\"column-2\">Bill Conti, arr. Rieks van der Velde<\/td>\n<\/tr>\n<tr class=\"row-7\">\n\t<td class=\"column-1\"><\/td><td class=\"column-2\"><\/td>\n<\/tr>\n<tr class=\"row-8\">\n\t<td class=\"column-1\"><b>Musikverein<\/b><\/td><td class=\"column-2\"><b>Leitung: Paul Gaiser<\/b><\/td>\n<\/tr>\n<tr class=\"row-9\">\n\t<td class=\"column-1\">Fridericus Rex\t<\/td><td class=\"column-2\">Ferdinand Radeck, arr. G. Lotterer<br \/>\n<\/td>\n<\/tr>\n<tr class=\"row-10\">\n\t<td class=\"column-1\">Mozart<\/td><td class=\"column-2\">Wolfgang Amadeus Mozart<br \/>\n<\/td>\n<\/tr>\n<tr class=\"row-11\">\n\t<td class=\"column-1\">Das Phantom der Oper\t<\/td><td class=\"column-2\">Andrew Lloyd-Webber<br \/>\n<\/td>\n<\/tr>\n<tr class=\"row-12\">\n\t<td class=\"column-1\">The Second Waltz\t<\/td><td class=\"column-2\">Dimitri Shostakovitch, arr. A. Waignein<br \/>\n<\/td>\n<\/tr>\n<tr class=\"row-13\">\n\t<td class=\"column-1\">Russische Impressionen\t<\/td><td class=\"column-2\">arr. Hans Joachim Rhinow (Leitung: Jochen Rieber)<\/td>\n<\/tr>\n<tr class=\"row-14\">\n\t<td class=\"column-1\">Die Regimentskinder\t<\/td><td class=\"column-2\">Julius Fucik, arr. S. Rundel<\/td>\n<\/tr>\n<tr class=\"row-15\">\n\t<td class=\"column-1\">Time to relax\t<\/td><td class=\"column-2\">Manfred Schneider<br \/>\n<\/td>\n<\/tr>\n<tr class=\"row-16\">\n\t<td class=\"column-1\">Latin American Fantasy\t<\/td><td class=\"column-2\">arr. Ferenc Aszodi<br \/>\n<\/td>\n<\/tr>\n<tr class=\"row-17\">\n\t<td class=\"column-1\">Rosenduft<\/td><td class=\"column-2\">Peter Schad<br \/>\n<\/td>\n<\/tr>\n<tr class=\"row-18\">\n\t<td class=\"column-1\">Hands up\t<\/td><td class=\"column-2\">arr. Manfred Schneider<br \/>\n<\/td>\n<\/tr>\n<tr class=\"row-19\">\n\t<td class=\"column-1\">The rose\t<\/td><td class=\"column-2\">Amanda McBroom, arr. Conny Rall<\/td>\n<\/tr>\n<tr class=\"row-20\">\n\t<td class=\"column-1\">My secret love song\t<\/td><td class=\"column-2\">Kees Vlak (Leitung: Jochen Rieber)<br \/>\n<\/td>\n<\/tr>\n<\/tbody>\n<\/table>\n<!-- #tablepress-7 from cache -->\n\n\n\n<h3 class=\"wp-block-heading\">Kirchenkonzert, 20. Dezember 2003<\/h3>\n\n\n\n<table id=\"tablepress-8\" class=\"tablepress tablepress-id-8\">\n<tbody class=\"row-striping row-hover\">\n<tr class=\"row-1\">\n\t<td class=\"column-1\"><b>Jugendgruppe und Jugendkapelle<\/b><\/td><td class=\"column-2\"><b>Leitung: Jochen Rieber<\/b><\/td>\n<\/tr>\n<tr class=\"row-2\">\n\t<td class=\"column-1\">Star Chase\t<\/td><td class=\"column-2\">J. O\u2019Reilly \/ J. Kinyon<br \/>\n<\/td>\n<\/tr>\n<tr class=\"row-3\">\n\t<td class=\"column-1\">Leise rieselt der Schnee\t<\/td><td class=\"column-2\">Trad.<br \/>\n<\/td>\n<\/tr>\n<tr class=\"row-4\">\n\t<td class=\"column-1\">Keep moving on\t<\/td><td class=\"column-2\">Ray Sacks, arr. Jan van Kraeydonck<\/td>\n<\/tr>\n<tr class=\"row-5\">\n\t<td class=\"column-1\">All for love\t<\/td><td class=\"column-2\">B. Adams, arr. Jan van Kraeydonck<\/td>\n<\/tr>\n<tr class=\"row-6\">\n\t<td class=\"column-1\"><\/td><td class=\"column-2\"><\/td>\n<\/tr>\n<tr class=\"row-7\">\n\t<td class=\"column-1\"><b>Klarinette (Jochen Rieber) und Orgel (Manfred Hengstler)<\/b><\/td><td class=\"column-2\"><\/td>\n<\/tr>\n<tr class=\"row-8\">\n\t<td class=\"column-1\">Variationen f\u00fcr Klarinette\t<\/td><td class=\"column-2\">Giacchino Rossini<br \/>\n<\/td>\n<\/tr>\n<tr class=\"row-9\">\n\t<td class=\"column-1\"><\/td><td class=\"column-2\"><\/td>\n<\/tr>\n<tr class=\"row-10\">\n\t<td class=\"column-1\"><b>Musikverein<\/b><\/td><td class=\"column-2\"><b>Leitung: Paul Gaiser<\/b><\/td>\n<\/tr>\n<tr class=\"row-11\">\n\t<td class=\"column-1\">Deck the Halls\t<\/td><td class=\"column-2\">Trad., arr. Frank Bernaerts<br \/>\n<\/td>\n<\/tr>\n<tr class=\"row-12\">\n\t<td class=\"column-1\">Largo<\/td><td class=\"column-2\">Georg Friedrich H\u00e4ndel<br \/>\n<\/td>\n<\/tr>\n<tr class=\"row-13\">\n\t<td class=\"column-1\">Santa\u2019s Christmas Special\t<\/td><td class=\"column-2\">Darrol Barry<br \/>\n<\/td>\n<\/tr>\n<tr class=\"row-14\">\n\t<td class=\"column-1\">Imagine<\/td><td class=\"column-2\">John Lennon, arr. Larry Norred<br \/>\n<\/td>\n<\/tr>\n<tr class=\"row-15\">\n\t<td class=\"column-1\">Choral and Rock-Out\t<\/td><td class=\"column-2\">Ted Huggens<br \/>\n<\/td>\n<\/tr>\n<tr class=\"row-16\">\n\t<td class=\"column-1\">My secret love song\t<\/td><td class=\"column-2\">Kees Vlak (Leitung: Jochen Rieber)<\/td>\n<\/tr>\n<tr class=\"row-17\">\n\t<td class=\"column-1\">Stille Nacht\t<\/td><td class=\"column-2\">Trad.<br \/>\n<\/td>\n<\/tr>\n<\/tbody>\n<\/table>\n<!-- #tablepress-8 from cache -->\n","protected":false},"excerpt":{"rendered":"<p>Fr\u00fchjahrskonzert, Ostersonntag 08. April 2007 Fr\u00fchjahrskonzert, Ostersonntag 16. April 2006 Kirchenkonzert, Samstag 18. Dezember 2005 Fr\u00fchjahrskonzert, Ostersonntag 27. M\u00e4rz 2005 Fr\u00fchjahrskonzert, Ostersonntag 11. April 2004 Kirchenkonzert, 20. Dezember 2003<\/p>\n","protected":false},"author":1,"featured_media":0,"parent":112,"menu_order":0,"comment_status":"closed","ping_status":"closed","template":"","meta":{"footnotes":""},"class_list":["post-175","page","type-page","status-publish","hentry"],"_links":{"self":[{"href":"http:\/\/mv-harthausen.de\/index.php?rest_route=\/wp\/v2\/pages\/175","targetHints":{"allow":["GET"]}}],"collection":[{"href":"http:\/\/mv-harthausen.de\/index.php?rest_route=\/wp\/v2\/pages"}],"about":[{"href":"http:\/\/mv-harthausen.de\/index.php?rest_route=\/wp\/v2\/types\/page"}],"author":[{"embeddable":true,"href":"http:\/\/mv-harthausen.de\/index.php?rest_route=\/wp\/v2\/users\/1"}],"replies":[{"embeddable":true,"href":"http:\/\/mv-harthausen.de\/index.php?rest_route=%2Fwp%2Fv2%2Fcomments&post=175"}],"version-history":[{"count":62,"href":"http:\/\/mv-harthausen.de\/index.php?rest_route=\/wp\/v2\/pages\/175\/revisions"}],"predecessor-version":[{"id":336,"href":"http:\/\/mv-harthausen.de\/index.php?rest_route=\/wp\/v2\/pages\/175\/revisions\/336"}],"up":[{"embeddable":true,"href":"http:\/\/mv-harthausen.de\/index.php?rest_route=\/wp\/v2\/pages\/112"}],"wp:attachment":[{"href":"http:\/\/mv-harthausen.de\/index.php?rest_route=%2Fwp%2Fv2%2Fmedia&parent=175"}],"curies":[{"name":"wp","href":"https:\/\/api.w.org\/{rel}","templated":true}]}}